{"id":1520,"date":"2023-06-12T07:12:16","date_gmt":"2023-06-12T07:12:16","guid":{"rendered":"https:\/\/www.henkvlot.nl\/transport\/"},"modified":"2024-04-15T14:26:10","modified_gmt":"2024-04-15T14:26:10","slug":"transport","status":"publish","type":"page","link":"https:\/\/www.henkvlot.nl\/de\/transport\/","title":{"rendered":"Transport"},"content":{"rendered":"<p>[vc_row rt_row_background_width=&#8220;fullwidth&#8220; rt_row_content_width=&#8220;default&#8220; rt_row_style=&#8220;default-style&#8220; rt_row_height=&#8220;&#8220; rt_column_gaps=&#8220;&#8220; rt_row_shadows=&#8220;&#8220; rt_row_borders=&#8220;&#8220; rt_bg_effect=&#8220;classic&#8220; rt_bg_image_repeat=&#8220;repeat&#8220; rt_bg_size=&#8220;cover&#8220; rt_bg_position=&#8220;right top&#8220; rt_bg_attachment=&#8220;scroll&#8220; rt_bg_layer=&#8220;&#8220; rt_bg_video_format=&#8220;self-hosted&#8220; rt_class=&#8220;rt-9325297&#8243; rt_paddings=&#8220;75,,,&#8220; rt_margins=&#8220;,,,&#8220; rt_content_margins=&#8220;,,,&#8220; rt_tablet_paddings=&#8220;,,,&#8220; rt_tablet_margins=&#8220;,,,&#8220; rt_tablet_content_margins=&#8220;,,,&#8220; rt_sp_paddings=&#8220;,,,&#8220; rt_sp_margins=&#8220;,,,&#8220; rt_sp_content_margins=&#8220;,,,&#8220;][vc_column rt_bg_effect=&#8220;classic&#8220; rt_bg_image_repeat=&#8220;repeat&#8220; rt_bg_size=&#8220;auto auto&#8220; rt_bg_position=&#8220;right top&#8220; rt_bg_attachment=&#8220;scroll&#8220;][vc_column_text]<strong>Vertrauen Sie Henk Vlot Transport als Ihrem Spezialisten f\u00fcr Seecontainertransporte<\/strong><\/p>\n<p>Suchen Sie einen Transportpartner f\u00fcr den Transport von Seecontainern? Dann ist Henk Vlot Transport der Spezialist, den Sie suchen. Wir k\u00f6nnen alle Arten von Seecontainern transportieren, darunter auch K\u00fchlcontainer und Container mit gef\u00e4hrlichen Stoffen. Mit unserem eigenen Terminal in Haaften und dem Einsatz von 35 Einheiten bedienen wir ganz Westeuropa. Ganz gleich, ob Sie nur einen Container transportieren m\u00f6chten oder eine Transportl\u00f6sung f\u00fcr gro\u00dfe Volumina suchen, wir bieten Ihnen das n\u00f6tige Fachwissen und die n\u00f6tige Kapazit\u00e4t. Entdecken Sie die Vorteile einer Zusammenarbeit mit Henk Vlot Transport, dem Spezialisten im Bereich Einweg-Containertransport.<\/p>\n<p><strong>Viel Mut, ein Auto und eine pers\u00f6nliche Mission<\/strong><\/p>\n<p>Im Jahr 2023 feierten wir unser 50-j\u00e4hriges Jubil\u00e4um als dynamisches Familienunternehmen. 1973 startete Gr\u00fcnder Henk Vlot mit nur einem Lkw. \u201eEs war mein Traum, mein eigenes erfolgreiches Transportunternehmen zu leiten\u201c, sagt Vlot. Mit schlaflosen N\u00e4chten und Tag- und Nachtarbeit wurde sein Traum Wirklichkeit. Seit 50 Jahren bieten wir ma\u00dfgeschneiderte Logistikl\u00f6sungen f\u00fcr alle unsere Kunden. Wir tun dies mit der gleichen Leidenschaft, Hingabe und dem gleichen Unternehmertum wie unser Gr\u00fcnder. Und genau das hat uns dorthin gebracht, wo wir heute sind: ein zuverl\u00e4ssiger und professioneller Partner f\u00fcr alle Ihre Transportanliegen.<\/p>\n<p><strong>Multifunktionale Website<\/strong><\/p>\n<p>In Haaften steht uns ein multifunktionales Gel\u00e4nde von ca. 6 Hektar zur Verf\u00fcgung. Neben LKW-Parkpl\u00e4tzen bieten wir an unserem Terminal auch Lager- und Umschlagdienstleistungen an. Mit unserem 40-Tonnen-Container-LKW k\u00f6nnen wir nahezu alle Arten von Containern umschlagen. Au\u00dferdem verf\u00fcgen wir \u00fcber eine eigene Werkstatt mit 2 Hubbr\u00fccken, Waschplatz und Tankstellplatz.[\/vc_column_text][\/vc_column][\/vc_row][vc_row rt_row_background_width=&#8220;fullwidth&#8220; rt_row_content_width=&#8220;default&#8220; rt_row_style=&#8220;default-style&#8220; rt_row_height=&#8220;&#8220; rt_column_gaps=&#8220;&#8220; rt_row_shadows=&#8220;&#8220; rt_row_borders=&#8220;&#8220; rt_bg_effect=&#8220;classic&#8220; rt_bg_image_repeat=&#8220;no-repeat&#8220; rt_bg_size=&#8220;cover&#8220; rt_bg_position=&#8220;center center&#8220; rt_bg_attachment=&#8220;scroll&#8220; rt_bg_layer=&#8220;&#8220; rt_bg_video_format=&#8220;self-hosted&#8220; full_width=&#8220;stretch_row&#8220; full_height=&#8220;yes&#8220; css=&#8220;.vc_custom_1686550779781{background-color: #ffb700 !important;}&#8220; rt_class=&#8220;rt-3922122&#8243; rt_paddings=&#8220;25,75,,&#8220; rt_margins=&#8220;,,,&#8220; rt_content_margins=&#8220;,,,&#8220; rt_tablet_paddings=&#8220;,,,&#8220; rt_tablet_margins=&#8220;,,,&#8220; rt_tablet_content_margins=&#8220;,,,&#8220; rt_sp_paddings=&#8220;,,,&#8220; rt_sp_margins=&#8220;,,,&#8220; rt_sp_content_margins=&#8220;,,,&#8220;][vc_column width=&#8220;1\/4&#8243; rt_bg_effect=&#8220;classic&#8220; rt_bg_image=&#8220;252&#8243; rt_bg_image_repeat=&#8220;no-repeat&#8220; rt_bg_size=&#8220;cover&#8220; rt_bg_position=&#8220;center center&#8220; rt_bg_attachment=&#8220;scroll&#8220; css=&#8220;.vc_custom_1687251993732{background-image: url(https:\/\/vanoo34.nl\/wp-content\/uploads\/banner-transport.jpg?id=80) !important;}&#8220; el_class=&#8220;banner-dienst&#8220; rt_class=&#8220;rt-2733571&#8243; class=&#8220;banner-dienst banner-3&#8243; rt_margins=&#8220;,&#8220; rt_paddings=&#8220;,,0,0&#8243; rt_wrapper_paddings=&#8220;,,,&#8220; rt_tablet_margins=&#8220;,&#8220; rt_tablet_paddings=&#8220;,,,&#8220; rt_tablet_wrapper_paddings=&#8220;,,,&#8220; rt_sp_margins=&#8220;,&#8220; rt_sp_paddings=&#8220;,,,&#8220; rt_sp_wrapper_paddings=&#8220;,,,&#8220; rt_bg_color=&#8220;&#8220; rt_bg_overlay_color=&#8220;rgba(0,0,0,0.5)&#8220;]<div class=\"rt-heading-wrapper text-center rt-6025036\">\n\t\t\t\t\t\t<h2 class=\"rt-heading\" >One-way Containertransport<\/h2>\n\t\t\t\t\t<\/div><div class=\"rt-heading-wrapper rt-3255201\">\n\t\t\t\t\t\t<h4 class=\"rt-heading\" >DIENST ANSEHEN<\/h4>\n\t\t\t\t\t<\/div>[vc_raw_html]JTNDYSUyMGhyZWYlM0QlMjIlMkZkZSUyRnRyYW5zcG9ydCUyRmRpZW5zdGUlMkYlMjNvbmUtd2F5LWNvbnRhaW5lcnRyYW5zcG9ydCUyMiUzRWElM0MlMkZhJTNF[\/vc_raw_html][\/vc_column][vc_column width=&#8220;1\/4&#8243; rt_bg_effect=&#8220;classic&#8220; rt_bg_image=&#8220;226&#8243; rt_bg_image_repeat=&#8220;no-repeat&#8220; rt_bg_size=&#8220;cover&#8220; rt_bg_position=&#8220;center center&#8220; rt_bg_attachment=&#8220;scroll&#8220; el_class=&#8220;banner-dienst&#8220; css=&#8220;.vc_custom_1686730483664{background-image: url(https:\/\/vanoo34.nl\/wp-content\/uploads\/banner-forwarding.jpg?id=81) !important;}&#8220; rt_class=&#8220;rt-2814161&#8243; class=&#8220;banner-dienst banner-3&#8243; rt_margins=&#8220;,&#8220; rt_paddings=&#8220;,,0,0&#8243; rt_wrapper_paddings=&#8220;,,,&#8220; rt_tablet_margins=&#8220;,&#8220; rt_tablet_paddings=&#8220;,,,&#8220; rt_tablet_wrapper_paddings=&#8220;,,,&#8220; rt_sp_margins=&#8220;,&#8220; rt_sp_paddings=&#8220;,,,&#8220; rt_sp_wrapper_paddings=&#8220;,,,&#8220; rt_bg_color=&#8220;&#8220; rt_bg_overlay_color=&#8220;rgba(0,0,0,0.5)&#8220;]<div class=\"rt-heading-wrapper text-center rt-8329568\">\n\t\t\t\t\t\t<h2 class=\"rt-heading\" >Roundtrip Containertransport<\/h2>\n\t\t\t\t\t<\/div><div class=\"rt-heading-wrapper rt-1862823\">\n\t\t\t\t\t\t<h4 class=\"rt-heading\" >DIENST ANSEHEN<\/h4>\n\t\t\t\t\t<\/div>[vc_raw_html]JTNDYSUyMGhyZWYlM0QlMjIlMkZkZSUyRnRyYW5zcG9ydCUyRmRpZW5zdGUlMkYlMjNyb3VuZHRyaXAtY29udGFpbmVydHJhbnNwb3J0JTIyJTNFYSUzQyUyRmElM0U=[\/vc_raw_html][\/vc_column][vc_column width=&#8220;1\/4&#8243; rt_bg_effect=&#8220;classic&#8220; rt_bg_image=&#8220;271&#8243; rt_bg_image_repeat=&#8220;no-repeat&#8220; rt_bg_size=&#8220;cover&#8220; rt_bg_position=&#8220;center center&#8220; rt_bg_attachment=&#8220;scroll&#8220; rt_class=&#8220;rt-4115739&#8243; class=&#8220;banner-dienst banner-3&#8243; rt_margins=&#8220;,&#8220; rt_paddings=&#8220;,,0,0&#8243; rt_wrapper_paddings=&#8220;,,,&#8220; rt_tablet_margins=&#8220;,&#8220; rt_tablet_paddings=&#8220;,,,&#8220; rt_tablet_wrapper_paddings=&#8220;,,,&#8220; rt_sp_margins=&#8220;,&#8220; rt_sp_paddings=&#8220;,,,&#8220; rt_sp_wrapper_paddings=&#8220;,,,&#8220; rt_bg_color=&#8220;&#8220; rt_bg_overlay_color=&#8220;rgba(0,0,0,0.5)&#8220;]<div class=\"rt-heading-wrapper text-center rt-3537525\">\n\t\t\t\t\t\t<h2 class=\"rt-heading\" >Transport gef\u00e4hrlicher Stoffe<\/h2>\n\t\t\t\t\t<\/div><div class=\"rt-heading-wrapper rt-4680835\">\n\t\t\t\t\t\t<h4 class=\"rt-heading\" >DIENST ANSEHEN<\/h4>\n\t\t\t\t\t<\/div>[vc_raw_html]JTNDYSUyMGhyZWYlM0QlMjIlMkZkZSUyRnRyYW5zcG9ydCUyRmRpZW5zdGUlMkYlMjN0cmFuc3BvcnQtZ2VmYWhybGljaGVyLXN0b2ZmZSUyMiUzRWElM0MlMkZhJTNF[\/vc_raw_html][\/vc_column][vc_column width=&#8220;1\/4&#8243; rt_bg_effect=&#8220;classic&#8220; rt_bg_image=&#8220;682&#8243; rt_bg_image_repeat=&#8220;no-repeat&#8220; rt_bg_size=&#8220;cover&#8220; rt_bg_position=&#8220;center center&#8220; rt_bg_attachment=&#8220;scroll&#8220; rt_class=&#8220;rt-4260259&#8243; rt_margins=&#8220;,&#8220; rt_paddings=&#8220;,,0,0&#8243; rt_wrapper_paddings=&#8220;,,,&#8220; rt_tablet_margins=&#8220;,&#8220; rt_tablet_paddings=&#8220;,,,&#8220; rt_tablet_wrapper_paddings=&#8220;,,,&#8220; rt_sp_margins=&#8220;,&#8220; rt_sp_paddings=&#8220;,,,&#8220; rt_sp_wrapper_paddings=&#8220;,,,&#8220; rt_bg_color=&#8220;&#8220; rt_bg_overlay_color=&#8220;rgba(0,0,0,0.5)&#8220; class=&#8220;banner-dienst banner-3&#8243;]<div class=\"rt-heading-wrapper text-center rt-4542497\">\n\t\t\t\t\t\t<h2 class=\"rt-heading\" >Konditionierter Transport<\/h2>\n\t\t\t\t\t<\/div><div class=\"rt-heading-wrapper rt-6377411\">\n\t\t\t\t\t\t<h4 class=\"rt-heading\" >DIENST ANSEHEN<\/h4>\n\t\t\t\t\t<\/div>[vc_raw_html]JTNDYSUyMGhyZWYlM0QlMjIlMkZkZSUyRnRyYW5zcG9ydCUyRmRpZW5zdGUlMkYlMjNrb25kaXRpb25pZXJ0ZXItdHJhbnNwb3J0JTIyJTNFYSUzQyUyRmElM0U=[\/vc_raw_html][\/vc_column][\/vc_row][vc_row rt_row_background_width=&#8220;fullwidth&#8220; rt_row_content_width=&#8220;default&#8220; rt_row_style=&#8220;default-style&#8220; rt_row_height=&#8220;&#8220; rt_column_placement=&#8220;bottom&#8220; rt_column_gaps=&#8220;&#8220; rt_row_shadows=&#8220;&#8220; rt_row_borders=&#8220;&#8220; rt_bg_effect=&#8220;classic&#8220; rt_bg_image_repeat=&#8220;repeat&#8220; rt_bg_size=&#8220;cover&#8220; rt_bg_position=&#8220;right top&#8220; rt_bg_attachment=&#8220;scroll&#8220; rt_bg_layer=&#8220;&#8220; rt_bg_video_format=&#8220;self-hosted&#8220; rt_class=&#8220;rt-7627490&#8243; rt_paddings=&#8220;25,20,,&#8220; rt_margins=&#8220;,,,&#8220; rt_content_margins=&#8220;,,,&#8220; rt_tablet_paddings=&#8220;,,,&#8220; rt_tablet_margins=&#8220;,,,&#8220; rt_tablet_content_margins=&#8220;,,,&#8220; rt_sp_paddings=&#8220;,,,&#8220; rt_sp_margins=&#8220;,,,&#8220; rt_sp_content_margins=&#8220;,,,&#8220;][vc_column width=&#8220;2\/5&#8243; rt_bg_effect=&#8220;classic&#8220; rt_bg_image_repeat=&#8220;repeat&#8220; rt_bg_size=&#8220;auto auto&#8220; rt_bg_position=&#8220;right top&#8220; rt_bg_attachment=&#8220;scroll&#8220; rt_class=&#8220;rt-6548833&#8243; class=&#8220;heading-contact&#8220; rt_margins=&#8220;,&#8220; rt_paddings=&#8220;,,,&#8220; rt_wrapper_paddings=&#8220;,,,&#8220; rt_tablet_margins=&#8220;,&#8220; rt_tablet_paddings=&#8220;,,,&#8220; rt_tablet_wrapper_paddings=&#8220;,,,&#8220; rt_sp_margins=&#8220;,&#8220; rt_sp_paddings=&#8220;,,,&#8220; rt_sp_wrapper_paddings=&#8220;,,,&#8220; rt_bg_color=&#8220;&#8220; rt_bg_overlay_color=&#8220;&#8220;]<div class=\"rt-heading-wrapper rt-7192630\">\n\t\t\t\t\t\t<h1 class=\"rt-heading\" >Kontaktieren Sie uns unverbindlich!<\/h1>\n\t\t\t\t\t<\/div>[vc_column_text]Kontaktieren Sie uns gerne \u00fcber die untenstehenden Schaltfl\u00e4chen. Unser Team wird versuchen, so schnell wie m\u00f6glich auf Ihre Nachricht zu antworten.[\/vc_column_text][\/vc_column][vc_column width=&#8220;3\/5&#8243; rt_bg_effect=&#8220;classic&#8220; rt_bg_image_repeat=&#8220;repeat&#8220; rt_bg_size=&#8220;auto auto&#8220; rt_bg_position=&#8220;right top&#8220; rt_bg_attachment=&#8220;scroll&#8220; rt_class=&#8220;rt-9450125&#8243; rt_margins=&#8220;,&#8220; rt_paddings=&#8220;,,50,&#8220; rt_wrapper_paddings=&#8220;,,,&#8220; rt_tablet_margins=&#8220;,&#8220; rt_tablet_paddings=&#8220;,,,&#8220; rt_tablet_wrapper_paddings=&#8220;,,,&#8220; rt_sp_margins=&#8220;,&#8220; rt_sp_paddings=&#8220;,,,&#8220; rt_sp_wrapper_paddings=&#8220;,,,&#8220; rt_bg_color=&#8220;&#8220; rt_bg_overlay_color=&#8220;&#8220; class=&#8220;kolom-vrachtwagen&#8220;][vc_single_image image=&#8220;294&#8243; img_size=&#8220;full&#8220;][\/vc_column][\/vc_row][vc_row rt_row_background_width=&#8220;fullwidth&#8220; rt_row_content_width=&#8220;default&#8220; rt_row_style=&#8220;default-style&#8220; rt_row_height=&#8220;&#8220; rt_column_gaps=&#8220;&#8220; rt_row_shadows=&#8220;&#8220; rt_row_borders=&#8220;&#8220; rt_bg_effect=&#8220;classic&#8220; rt_bg_image_repeat=&#8220;repeat&#8220; rt_bg_size=&#8220;cover&#8220; rt_bg_position=&#8220;right top&#8220; rt_bg_attachment=&#8220;scroll&#8220; rt_bg_layer=&#8220;&#8220; rt_bg_video_format=&#8220;self-hosted&#8220; rt_class=&#8220;rt-1837212&#8243; rt_paddings=&#8220;0,100,,&#8220; rt_margins=&#8220;,,,&#8220; rt_content_margins=&#8220;,,,&#8220; rt_tablet_paddings=&#8220;,50,,&#8220; rt_tablet_margins=&#8220;,,,&#8220; rt_tablet_content_margins=&#8220;,,,&#8220; rt_sp_paddings=&#8220;,50,,&#8220; rt_sp_margins=&#8220;,,,&#8220; rt_sp_content_margins=&#8220;,,,&#8220;][vc_column width=&#8220;1\/3&#8243; rt_bg_effect=&#8220;classic&#8220; rt_bg_image_repeat=&#8220;repeat&#8220; rt_bg_size=&#8220;auto auto&#8220; rt_bg_position=&#8220;right top&#8220; rt_bg_attachment=&#8220;scroll&#8220; rt_class=&#8220;rt-5955396&#8243; class=&#8220;contact-1 achtergrond-1&#8243; rt_margins=&#8220;,&#8220; rt_paddings=&#8220;,,0,0&#8243; rt_wrapper_paddings=&#8220;,,,&#8220; rt_tablet_margins=&#8220;,&#8220; rt_tablet_paddings=&#8220;,,,&#8220; rt_tablet_wrapper_paddings=&#8220;,,,&#8220; rt_sp_margins=&#8220;,&#8220; rt_sp_paddings=&#8220;,,,&#8220; rt_sp_wrapper_paddings=&#8220;,,,&#8220; rt_bg_color=&#8220;&#8220; rt_bg_overlay_color=&#8220;&#8220;][vc_raw_html]JTNDYSUyMGhyZWYlM0QlMjJtYWlsdG8lM0FwbGFubmluZyU0MGhlbmt2bG90Lm5sJTIyJTNFJTNDaDQlM0VEaXJla3QlMjBwZXIlMjBFLU1haWwlMjBzZW5kZW4lM0MlMkZoNCUzRSUzQ3AlM0VXaXIlMjBoZWxmZW4lMjBJaG5lbiUyMGdlcm5lJTIwd2VpdGVyJTIxJTNDJTJGcCUzRSUzQyUyRmElM0U=[\/vc_raw_html][\/vc_column][vc_column width=&#8220;1\/3&#8243; rt_bg_effect=&#8220;classic&#8220; rt_bg_image_repeat=&#8220;repeat&#8220; rt_bg_size=&#8220;auto auto&#8220; rt_bg_position=&#8220;right top&#8220; rt_bg_attachment=&#8220;scroll&#8220; rt_class=&#8220;rt-2403436&#8243; class=&#8220;contact-1 achtergrond-2&#8243; rt_margins=&#8220;,&#8220; rt_paddings=&#8220;,,0,0&#8243; rt_wrapper_paddings=&#8220;,,,&#8220; rt_tablet_margins=&#8220;,&#8220; rt_tablet_paddings=&#8220;,,,&#8220; rt_tablet_wrapper_paddings=&#8220;,,,&#8220; rt_sp_margins=&#8220;,&#8220; rt_sp_paddings=&#8220;,,,&#8220; rt_sp_wrapper_paddings=&#8220;,,,&#8220; rt_bg_color=&#8220;&#8220; rt_bg_overlay_color=&#8220;&#8220;][vc_raw_html]JTNDYSUyMGhyZWYlM0QlMjJ0ZWwlM0EwNDE4NTkyODkyJTIyJTNFJTNDaDQlM0VBbnJ1ZiUzQyUyRmg0JTNFJTNDcCUzRUVycmVpY2hiYXIlMjB1bnRlciUzQSUyMCUyODA0MTglMjklMjA1OSUyMDI4JTIwOTIlM0MlMkZwJTNFJTNDJTJGYSUzRQ==[\/vc_raw_html][\/vc_column][vc_column width=&#8220;1\/3&#8243; rt_bg_effect=&#8220;classic&#8220; rt_bg_image_repeat=&#8220;repeat&#8220; rt_bg_size=&#8220;auto auto&#8220; rt_bg_position=&#8220;right top&#8220; rt_bg_attachment=&#8220;scroll&#8220; rt_class=&#8220;rt-6179067&#8243; class=&#8220;contact-1 achtergrond-3&#8243; rt_margins=&#8220;,&#8220; rt_paddings=&#8220;,,0,0&#8243; rt_wrapper_paddings=&#8220;,,,&#8220; rt_tablet_margins=&#8220;,&#8220; rt_tablet_paddings=&#8220;,,,&#8220; rt_tablet_wrapper_paddings=&#8220;,,,&#8220; rt_sp_margins=&#8220;,&#8220; rt_sp_paddings=&#8220;,,,&#8220; rt_sp_wrapper_paddings=&#8220;,,,&#8220; rt_bg_color=&#8220;&#8220; rt_bg_overlay_color=&#8220;&#8220;][vc_raw_html]JTNDYSUyMGhyZWYlM0QlMjIlMkZkZSUyRnRyYW5zcG9ydCUyRmtvbnRha3QlMjIlM0UlM0NoNCUzRUtvbnRha3QlMjBGb3JtdWxhciUzQyUyRmg0JTNFJTNDcCUzRVVudmVyYmluZGxpY2hlJTIwS29udGFrdGF1Zm5haG1lJTNDJTJGcCUzRSUzQyUyRmElM0U=[\/vc_raw_html][\/vc_column][\/vc_row]<\/p>\n","protected":false},"excerpt":{"rendered":"<p>[vc_row rt_row_background_width=&#8220;fullwidth&#8220; rt_row_content_width=&#8220;default&#8220; rt_row_style=&#8220;default-style&#8220; rt_row_height=&#8220;&#8220; rt_column_gaps=&#8220;&#8220; rt_row_shadows=&#8220;&#8220; rt_row_borders=&#8220;&#8220; rt_bg_effect=&#8220;classic&#8220; rt_bg_image_repeat=&#8220;repeat&#8220; rt_bg_size=&#8220;cover&#8220; rt_bg_position=&#8220;right top&#8220; rt_bg_attachment=&#8220;scroll&#8220; rt_bg_layer=&#8220;&#8220; rt_bg_video_format=&#8220;self-hosted&#8220; rt_class=&#8220;rt-9325297&#8243; rt_paddings=&#8220;75,,,&#8220; rt_margins=&#8220;,,,&#8220; rt_content_margins=&#8220;,,,&#8220; rt_tablet_paddings=&#8220;,,,&#8220; rt_tablet_margins=&#8220;,,,&#8220; rt_tablet_content_margins=&#8220;,,,&#8220; rt_sp_paddings=&#8220;,,,&#8220; rt_sp_margins=&#8220;,,,&#8220; rt_sp_content_margins=&#8220;,,,&#8220;][vc_column rt_bg_effect=&#8220;classic&#8220; rt_bg_image_repeat=&#8220;repeat&#8220; rt_bg_size=&#8220;auto auto&#8220; rt_bg_position=&#8220;right top&#8220; rt_bg_attachment=&#8220;scroll&#8220;][vc_column_text]Vertrauen Sie Henk Vlot Transport als Ihrem Spezialisten f\u00fcr Seecontainertransporte Suchen Sie einen Transportpartner f\u00fcr den Transport von Seecontainern? Dann ist Henk Vlot [&hellip;]<\/p>\n","protected":false},"author":1,"featured_media":0,"parent":0,"menu_order":0,"comment_status":"closed","ping_status":"closed","template":"","meta":{"inline_featured_image":false,"footnotes":""},"class_list":["post-1520","page","type-page","status-publish","hentry"],"yoast_head":"<!-- This site is optimized with the Yoast SEO plugin v27.4 - https:\/\/yoast.com\/product\/yoast-seo-wordpress\/ -->\n<title>Transport - Henk Vlot Transport<\/title>\n<meta name=\"robots\" content=\"index, follow, max-snippet:-1, max-image-preview:large, max-video-preview:-1\" \/>\n<link rel=\"canonical\" href=\"https:\/\/www.henkvlot.nl\/de\/transport\/\" \/>\n<meta property=\"og:locale\" content=\"de_DE\" \/>\n<meta property=\"og:type\" content=\"article\" \/>\n<meta property=\"og:title\" content=\"Transport - Henk Vlot Transport\" \/>\n<meta property=\"og:description\" content=\"[vc_row rt_row_background_width=&#8220;fullwidth&#8220; rt_row_content_width=&#8220;default&#8220; rt_row_style=&#8220;default-style&#8220; rt_row_height=&#8220;&#8220; rt_column_gaps=&#8220;&#8220; rt_row_shadows=&#8220;&#8220; rt_row_borders=&#8220;&#8220; rt_bg_effect=&#8220;classic&#8220; rt_bg_image_repeat=&#8220;repeat&#8220; rt_bg_size=&#8220;cover&#8220; rt_bg_position=&#8220;right top&#8220; rt_bg_attachment=&#8220;scroll&#8220; rt_bg_layer=&#8220;&#8220; rt_bg_video_format=&#8220;self-hosted&#8220; rt_class=&#8220;rt-9325297&#8243; rt_paddings=&#8220;75,,,&#8220; rt_margins=&#8220;,,,&#8220; rt_content_margins=&#8220;,,,&#8220; rt_tablet_paddings=&#8220;,,,&#8220; rt_tablet_margins=&#8220;,,,&#8220; rt_tablet_content_margins=&#8220;,,,&#8220; rt_sp_paddings=&#8220;,,,&#8220; rt_sp_margins=&#8220;,,,&#8220; rt_sp_content_margins=&#8220;,,,&#8220;][vc_column rt_bg_effect=&#8220;classic&#8220; rt_bg_image_repeat=&#8220;repeat&#8220; rt_bg_size=&#8220;auto auto&#8220; rt_bg_position=&#8220;right top&#8220; rt_bg_attachment=&#8220;scroll&#8220;][vc_column_text]Vertrauen Sie Henk Vlot Transport als Ihrem Spezialisten f\u00fcr Seecontainertransporte Suchen Sie einen Transportpartner f\u00fcr den Transport von Seecontainern? Dann ist Henk Vlot [&hellip;]\" \/>\n<meta property=\"og:url\" content=\"https:\/\/www.henkvlot.nl\/de\/transport\/\" \/>\n<meta property=\"og:site_name\" content=\"Henk Vlot Transport\" \/>\n<meta property=\"article:modified_time\" content=\"2024-04-15T14:26:10+00:00\" \/>\n<meta name=\"twitter:card\" content=\"summary_large_image\" \/>\n<meta name=\"twitter:label1\" content=\"Gesch\u00e4tzte Lesezeit\" \/>\n\t<meta name=\"twitter:data1\" content=\"4\u00a0Minuten\" \/>\n<script type=\"application\/ld+json\" class=\"yoast-schema-graph\">{\"@context\":\"https:\\\/\\\/schema.org\",\"@graph\":[{\"@type\":\"WebPage\",\"@id\":\"https:\\\/\\\/www.henkvlot.nl\\\/de\\\/transport\\\/\",\"url\":\"https:\\\/\\\/www.henkvlot.nl\\\/de\\\/transport\\\/\",\"name\":\"Transport - Henk Vlot Transport\",\"isPartOf\":{\"@id\":\"https:\\\/\\\/www.henkvlot.nl\\\/#website\"},\"datePublished\":\"2023-06-12T07:12:16+00:00\",\"dateModified\":\"2024-04-15T14:26:10+00:00\",\"breadcrumb\":{\"@id\":\"https:\\\/\\\/www.henkvlot.nl\\\/de\\\/transport\\\/#breadcrumb\"},\"inLanguage\":\"de\",\"potentialAction\":[{\"@type\":\"ReadAction\",\"target\":[\"https:\\\/\\\/www.henkvlot.nl\\\/de\\\/transport\\\/\"]}]},{\"@type\":\"BreadcrumbList\",\"@id\":\"https:\\\/\\\/www.henkvlot.nl\\\/de\\\/transport\\\/#breadcrumb\",\"itemListElement\":[{\"@type\":\"ListItem\",\"position\":1,\"name\":\"Home\",\"item\":\"https:\\\/\\\/www.henkvlot.nl\\\/de\\\/\"},{\"@type\":\"ListItem\",\"position\":2,\"name\":\"Transport\"}]},{\"@type\":\"WebSite\",\"@id\":\"https:\\\/\\\/www.henkvlot.nl\\\/#website\",\"url\":\"https:\\\/\\\/www.henkvlot.nl\\\/\",\"name\":\"Henk Vlot Transport\",\"description\":\"\",\"potentialAction\":[{\"@type\":\"SearchAction\",\"target\":{\"@type\":\"EntryPoint\",\"urlTemplate\":\"https:\\\/\\\/www.henkvlot.nl\\\/?s={search_term_string}\"},\"query-input\":{\"@type\":\"PropertyValueSpecification\",\"valueRequired\":true,\"valueName\":\"search_term_string\"}}],\"inLanguage\":\"de\"}]}<\/script>\n<!-- \/ Yoast SEO plugin. -->","yoast_head_json":{"title":"Transport - Henk Vlot Transport","robots":{"index":"index","follow":"follow","max-snippet":"max-snippet:-1","max-image-preview":"max-image-preview:large","max-video-preview":"max-video-preview:-1"},"canonical":"https:\/\/www.henkvlot.nl\/de\/transport\/","og_locale":"de_DE","og_type":"article","og_title":"Transport - Henk Vlot Transport","og_description":"[vc_row rt_row_background_width=&#8220;fullwidth&#8220; rt_row_content_width=&#8220;default&#8220; rt_row_style=&#8220;default-style&#8220; rt_row_height=&#8220;&#8220; rt_column_gaps=&#8220;&#8220; rt_row_shadows=&#8220;&#8220; rt_row_borders=&#8220;&#8220; rt_bg_effect=&#8220;classic&#8220; rt_bg_image_repeat=&#8220;repeat&#8220; rt_bg_size=&#8220;cover&#8220; rt_bg_position=&#8220;right top&#8220; rt_bg_attachment=&#8220;scroll&#8220; rt_bg_layer=&#8220;&#8220; rt_bg_video_format=&#8220;self-hosted&#8220; rt_class=&#8220;rt-9325297&#8243; rt_paddings=&#8220;75,,,&#8220; rt_margins=&#8220;,,,&#8220; rt_content_margins=&#8220;,,,&#8220; rt_tablet_paddings=&#8220;,,,&#8220; rt_tablet_margins=&#8220;,,,&#8220; rt_tablet_content_margins=&#8220;,,,&#8220; rt_sp_paddings=&#8220;,,,&#8220; rt_sp_margins=&#8220;,,,&#8220; rt_sp_content_margins=&#8220;,,,&#8220;][vc_column rt_bg_effect=&#8220;classic&#8220; rt_bg_image_repeat=&#8220;repeat&#8220; rt_bg_size=&#8220;auto auto&#8220; rt_bg_position=&#8220;right top&#8220; rt_bg_attachment=&#8220;scroll&#8220;][vc_column_text]Vertrauen Sie Henk Vlot Transport als Ihrem Spezialisten f\u00fcr Seecontainertransporte Suchen Sie einen Transportpartner f\u00fcr den Transport von Seecontainern? Dann ist Henk Vlot [&hellip;]","og_url":"https:\/\/www.henkvlot.nl\/de\/transport\/","og_site_name":"Henk Vlot Transport","article_modified_time":"2024-04-15T14:26:10+00:00","twitter_card":"summary_large_image","twitter_misc":{"Gesch\u00e4tzte Lesezeit":"4\u00a0Minuten"},"schema":{"@context":"https:\/\/schema.org","@graph":[{"@type":"WebPage","@id":"https:\/\/www.henkvlot.nl\/de\/transport\/","url":"https:\/\/www.henkvlot.nl\/de\/transport\/","name":"Transport - Henk Vlot Transport","isPartOf":{"@id":"https:\/\/www.henkvlot.nl\/#website"},"datePublished":"2023-06-12T07:12:16+00:00","dateModified":"2024-04-15T14:26:10+00:00","breadcrumb":{"@id":"https:\/\/www.henkvlot.nl\/de\/transport\/#breadcrumb"},"inLanguage":"de","potentialAction":[{"@type":"ReadAction","target":["https:\/\/www.henkvlot.nl\/de\/transport\/"]}]},{"@type":"BreadcrumbList","@id":"https:\/\/www.henkvlot.nl\/de\/transport\/#breadcrumb","itemListElement":[{"@type":"ListItem","position":1,"name":"Home","item":"https:\/\/www.henkvlot.nl\/de\/"},{"@type":"ListItem","position":2,"name":"Transport"}]},{"@type":"WebSite","@id":"https:\/\/www.henkvlot.nl\/#website","url":"https:\/\/www.henkvlot.nl\/","name":"Henk Vlot Transport","description":"","potentialAction":[{"@type":"SearchAction","target":{"@type":"EntryPoint","urlTemplate":"https:\/\/www.henkvlot.nl\/?s={search_term_string}"},"query-input":{"@type":"PropertyValueSpecification","valueRequired":true,"valueName":"search_term_string"}}],"inLanguage":"de"}]}},"_links":{"self":[{"href":"https:\/\/www.henkvlot.nl\/de\/wp-json\/wp\/v2\/pages\/1520","targetHints":{"allow":["GET"]}}],"collection":[{"href":"https:\/\/www.henkvlot.nl\/de\/wp-json\/wp\/v2\/pages"}],"about":[{"href":"https:\/\/www.henkvlot.nl\/de\/wp-json\/wp\/v2\/types\/page"}],"author":[{"embeddable":true,"href":"https:\/\/www.henkvlot.nl\/de\/wp-json\/wp\/v2\/users\/1"}],"replies":[{"embeddable":true,"href":"https:\/\/www.henkvlot.nl\/de\/wp-json\/wp\/v2\/comments?post=1520"}],"version-history":[{"count":9,"href":"https:\/\/www.henkvlot.nl\/de\/wp-json\/wp\/v2\/pages\/1520\/revisions"}],"predecessor-version":[{"id":1728,"href":"https:\/\/www.henkvlot.nl\/de\/wp-json\/wp\/v2\/pages\/1520\/revisions\/1728"}],"wp:attachment":[{"href":"https:\/\/www.henkvlot.nl\/de\/wp-json\/wp\/v2\/media?parent=1520"}],"curies":[{"name":"wp","href":"https:\/\/api.w.org\/{rel}","templated":true}]}}