{"id":1526,"date":"2023-06-12T07:12:28","date_gmt":"2023-06-12T07:12:28","guid":{"rendered":"https:\/\/www.henkvlot.nl\/transport\/diensten\/"},"modified":"2024-04-15T14:25:31","modified_gmt":"2024-04-15T14:25:31","slug":"dienste","status":"publish","type":"page","link":"https:\/\/www.henkvlot.nl\/de\/transport\/dienste\/","title":{"rendered":"Dienste"},"content":{"rendered":"<p>[vc_row rt_row_background_width=&#8220;fullwidth&#8220; rt_row_content_width=&#8220;default&#8220; rt_row_style=&#8220;default-style&#8220; rt_row_height=&#8220;&#8220; rt_column_gaps=&#8220;&#8220; rt_row_shadows=&#8220;&#8220; rt_row_borders=&#8220;&#8220; rt_bg_effect=&#8220;classic&#8220; rt_bg_image_repeat=&#8220;repeat&#8220; rt_bg_size=&#8220;cover&#8220; rt_bg_position=&#8220;right top&#8220; rt_bg_attachment=&#8220;scroll&#8220; rt_bg_layer=&#8220;&#8220; rt_bg_video_format=&#8220;self-hosted&#8220; rt_class=&#8220;rt-1979719&#8243; rt_paddings=&#8220;75,75,,&#8220; rt_margins=&#8220;,,,&#8220; rt_content_margins=&#8220;,,,&#8220; rt_tablet_paddings=&#8220;,,,&#8220; rt_tablet_margins=&#8220;,,,&#8220; rt_tablet_content_margins=&#8220;,,,&#8220; rt_sp_paddings=&#8220;,,,&#8220; rt_sp_margins=&#8220;,,,&#8220; rt_sp_content_margins=&#8220;,,,&#8220;][vc_column rt_bg_effect=&#8220;classic&#8220; rt_bg_image_repeat=&#8220;repeat&#8220; rt_bg_size=&#8220;auto auto&#8220; rt_bg_position=&#8220;right top&#8220; rt_bg_attachment=&#8220;scroll&#8220;][vc_tta_tour style=&#8220;flat&#8220; color=&#8220;white&#8220; spacing=&#8220;20&#8243; gap=&#8220;20&#8243; active_section=&#8220;1&#8243; no_fill_content_area=&#8220;true&#8220;][vc_tta_section title=&#8220;One-way Containertransport&#8220; tab_id=&#8220;one-way-containertransport&#8220;]<div class=\"rt-heading-wrapper rt-4982676\">\n\t\t\t\t\t\t<h1 class=\"rt-heading\" >One-way Containertransport<\/h1>\n\t\t\t\t\t<\/div>[vc_column_text]Eine der Dienstleistungen, die wir bei Henk Vlot Transport anbieten, ist der Einweg-Containertransport. Dieser Service ist eine innovative und nachhaltige L\u00f6sung f\u00fcr einen effizienten Containertransport. Wir bieten unseren Kunden beispielsweise die M\u00f6glichkeit, einen Container vom Seehafen zur Entladeadresse zu transportieren und statt mit dem leeren Container zur\u00fcckzufahren, diesen im n\u00e4chstgelegenen Containerdepot abzugeben. Anschlie\u00dfend k\u00f6nnen wir einen weiteren Container f\u00fcr die R\u00fcckfahrt aufstellen, beladen und in einen Seehafen zur\u00fcckbringen. Indem wir so gut wie m\u00f6glich planen und so wenig wie m\u00f6glich mit Leercontainern fahren, bieten wir eine kostensparende und umweltfreundliche L\u00f6sung f\u00fcr den Containertransport.[\/vc_column_text][vc_single_image image=&#8220;252&#8243; img_size=&#8220;800&#215;500&#8243; el_class=&#8220;foto-over-header&#8220;][\/vc_tta_section][vc_tta_section title=&#8220;Roundtrip Containertransport&#8220; tab_id=&#8220;roundtrip-containertransport&#8220;]<div class=\"rt-heading-wrapper rt-1212900\">\n\t\t\t\t\t\t<h1 class=\"rt-heading\" >Roundtrip Containertransport<\/h1>\n\t\t\t\t\t<\/div>[vc_column_text]Bei Henk Vlot Transport haben wir klein angefangen, sind aber zu einem gro\u00dfen Unternehmen herangewachsen, das Sie bei Containertransporten in ganz Westeuropa unterst\u00fctzen kann. Wir nehmen Ihnen alle Sorgen ab und versichern Ihnen, dass Ihre Waren sicher an den gew\u00fcnschten Ort geliefert werden. Zu unseren Leistungen geh\u00f6rt auch die Abwicklung s\u00e4mtlicher Zollformalit\u00e4ten. Durch unsere ISO 9001-2015-Zertifizierung k\u00f6nnen wir garantieren, dass unsere Prozesse in einem sehr umfangreichen Qualit\u00e4tsmanagementsystem gew\u00e4hrleistet sind.[\/vc_column_text][vc_single_image image=&#8220;226&#8243; img_size=&#8220;800&#215;500&#8243;][\/vc_tta_section][vc_tta_section title=&#8220;Transport gef\u00e4hrlicher Stoffe&#8220; tab_id=&#8220;transport-gefahrlicher-stoffe&#8220;]<div class=\"rt-heading-wrapper rt-1602802\">\n\t\t\t\t\t\t<h1 class=\"rt-heading\" >Transport gef\u00e4hrlicher Stoffe<\/h1>\n\t\t\t\t\t<\/div>[vc_column_text]Bei Henk Vlot Transport bieten wir nicht nur den Transport normaler G\u00fcter an, sondern sind auch f\u00fcr den Transport gef\u00e4hrlicher Stoffe bereit. Unsere Fahrer verf\u00fcgen \u00fcber langj\u00e4hrige Erfahrung und ein g\u00fcltiges ADR-Diplom f\u00fcr St\u00fcckgut- und Tanktransporte. Dank unseres ADR-zugelassenen Fuhrparks k\u00f6nnen wir problemlos alle Arten von Gefahrstoffen f\u00fcr Sie transportieren. Dar\u00fcber hinaus verf\u00fcgen wir \u00fcber die entsprechenden Zertifizierungen und Genehmigungen und erf\u00fcllen alle gesetzlichen Verpflichtungen. So nehmen wir Ihnen alle Sorgen ab und sorgen f\u00fcr alle notwendigen Vorbereitungen rund um den Gefahrguttransport.[\/vc_column_text][vc_single_image image=&#8220;271&#8243; img_size=&#8220;800&#215;500&#8243;][\/vc_tta_section][vc_tta_section title=&#8220;Konditionierter Transport&#8220; tab_id=&#8220;konditionierter-transport&#8220;]<div class=\"rt-heading-wrapper rt-2196965\">\n\t\t\t\t\t\t<h1 class=\"rt-heading\" >Konditionierter Transport<\/h1>\n\t\t\t\t\t<\/div>[vc_column_text]Sie haben Waren, die gek\u00fchlt transportiert werden m\u00fcssen? Dann sind Sie bei uns genau richtig! Bei Henk Vlot Transport sind wir auf den Transport temperaturempfindlicher G\u00fcter spezialisiert, unabh\u00e4ngig davon, ob es sich um erhitzte oder gek\u00fchlte Produkte handelt. Mit unseren fortschrittlichen Traktoren und Fahrgestellen, die mit einem Stromaggregat ausgestattet sind, stellen wir sicher, dass Ihre Waren bei der richtigen Temperatur transportiert werden. Unser Transport reicht nicht nur innerhalb der Niederlande, sondern erstreckt sich \u00fcber ganz Westeuropa. So kommt Ihre Ware immer mit der richtigen Temperatur am gew\u00fcnschten Ort an. Henk Vlot Transport ist ein absoluter Spezialist f\u00fcr K\u00fchltransporte.[\/vc_column_text][vc_single_image image=&#8220;682&#8243; img_size=&#8220;800&#215;500&#8243;][\/vc_tta_section][\/vc_tta_tour][\/vc_column][\/vc_row][vc_row rt_row_background_width=&#8220;fullwidth&#8220; rt_row_content_width=&#8220;default&#8220; rt_row_style=&#8220;default-style&#8220; rt_row_height=&#8220;&#8220; rt_column_placement=&#8220;bottom&#8220; rt_column_gaps=&#8220;&#8220; rt_row_shadows=&#8220;&#8220; rt_row_borders=&#8220;&#8220; rt_bg_effect=&#8220;classic&#8220; rt_bg_image_repeat=&#8220;repeat&#8220; rt_bg_size=&#8220;cover&#8220; rt_bg_position=&#8220;right top&#8220; rt_bg_attachment=&#8220;scroll&#8220; rt_bg_layer=&#8220;&#8220; rt_bg_video_format=&#8220;self-hosted&#8220; rt_class=&#8220;rt-7211951&#8243; rt_paddings=&#8220;25,20,,&#8220; rt_margins=&#8220;,,,&#8220; rt_content_margins=&#8220;,,,&#8220; rt_tablet_paddings=&#8220;,,,&#8220; rt_tablet_margins=&#8220;,,,&#8220; rt_tablet_content_margins=&#8220;,,,&#8220; rt_sp_paddings=&#8220;0,,,&#8220; rt_sp_margins=&#8220;,,,&#8220; rt_sp_content_margins=&#8220;,,,&#8220;][vc_column width=&#8220;2\/5&#8243; rt_bg_effect=&#8220;classic&#8220; rt_bg_image_repeat=&#8220;repeat&#8220; rt_bg_size=&#8220;auto auto&#8220; rt_bg_position=&#8220;right top&#8220; rt_bg_attachment=&#8220;scroll&#8220; rt_class=&#8220;rt-6548833&#8243; class=&#8220;heading-contact&#8220; rt_margins=&#8220;,&#8220; rt_paddings=&#8220;,,,&#8220; rt_wrapper_paddings=&#8220;,,,&#8220; rt_tablet_margins=&#8220;,&#8220; rt_tablet_paddings=&#8220;,,,&#8220; rt_tablet_wrapper_paddings=&#8220;,,,&#8220; rt_sp_margins=&#8220;,&#8220; rt_sp_paddings=&#8220;,,,&#8220; rt_sp_wrapper_paddings=&#8220;,,,&#8220; rt_bg_color=&#8220;&#8220; rt_bg_overlay_color=&#8220;&#8220;]<div class=\"rt-heading-wrapper rt-1954011\">\n\t\t\t\t\t\t<h1 class=\"rt-heading\" >Kontaktieren Sie uns unverbindlich!<\/h1>\n\t\t\t\t\t<\/div>[vc_column_text]Kontaktieren Sie uns gerne \u00fcber die untenstehenden Schaltfl\u00e4chen. Unser Team wird versuchen, so schnell wie m\u00f6glich auf Ihre Nachricht zu antworten.[\/vc_column_text][\/vc_column][vc_column width=&#8220;3\/5&#8243; rt_bg_effect=&#8220;classic&#8220; rt_bg_image_repeat=&#8220;repeat&#8220; rt_bg_size=&#8220;auto auto&#8220; rt_bg_position=&#8220;right top&#8220; rt_bg_attachment=&#8220;scroll&#8220; rt_class=&#8220;rt-4042520&#8243; rt_margins=&#8220;,&#8220; rt_paddings=&#8220;,,50,&#8220; rt_wrapper_paddings=&#8220;,,,&#8220; rt_tablet_margins=&#8220;,&#8220; rt_tablet_paddings=&#8220;,,,&#8220; rt_tablet_wrapper_paddings=&#8220;,,,&#8220; rt_sp_margins=&#8220;,&#8220; rt_sp_paddings=&#8220;,,,&#8220; rt_sp_wrapper_paddings=&#8220;,,,&#8220; rt_bg_color=&#8220;&#8220; rt_bg_overlay_color=&#8220;&#8220; class=&#8220;kolom-vrachtwagen&#8220;][vc_single_image image=&#8220;294&#8243; img_size=&#8220;full&#8220;][\/vc_column][\/vc_row][vc_row rt_row_background_width=&#8220;fullwidth&#8220; rt_row_content_width=&#8220;default&#8220; rt_row_style=&#8220;default-style&#8220; rt_row_height=&#8220;&#8220; rt_column_gaps=&#8220;&#8220; rt_row_shadows=&#8220;&#8220; rt_row_borders=&#8220;&#8220; rt_bg_effect=&#8220;classic&#8220; rt_bg_image_repeat=&#8220;repeat&#8220; rt_bg_size=&#8220;cover&#8220; rt_bg_position=&#8220;right top&#8220; rt_bg_attachment=&#8220;scroll&#8220; rt_bg_layer=&#8220;&#8220; rt_bg_video_format=&#8220;self-hosted&#8220; rt_class=&#8220;rt-9573147&#8243; rt_paddings=&#8220;0,100,,&#8220; rt_margins=&#8220;,,,&#8220; rt_content_margins=&#8220;,,,&#8220; rt_tablet_paddings=&#8220;,50,,&#8220; rt_tablet_margins=&#8220;,,,&#8220; rt_tablet_content_margins=&#8220;,,,&#8220; rt_sp_paddings=&#8220;,50,,&#8220; rt_sp_margins=&#8220;,,,&#8220; rt_sp_content_margins=&#8220;,,,&#8220;][vc_column width=&#8220;1\/3&#8243; rt_bg_effect=&#8220;classic&#8220; rt_bg_image_repeat=&#8220;repeat&#8220; rt_bg_size=&#8220;auto auto&#8220; rt_bg_position=&#8220;right top&#8220; rt_bg_attachment=&#8220;scroll&#8220; rt_class=&#8220;rt-5955396&#8243; class=&#8220;contact-1 achtergrond-1&#8243; rt_margins=&#8220;,&#8220; rt_paddings=&#8220;,,0,0&#8243; rt_wrapper_paddings=&#8220;,,,&#8220; rt_tablet_margins=&#8220;,&#8220; rt_tablet_paddings=&#8220;,,,&#8220; rt_tablet_wrapper_paddings=&#8220;,,,&#8220; rt_sp_margins=&#8220;,&#8220; rt_sp_paddings=&#8220;,,,&#8220; rt_sp_wrapper_paddings=&#8220;,,,&#8220; rt_bg_color=&#8220;&#8220; rt_bg_overlay_color=&#8220;&#8220;][vc_raw_html]JTNDYSUyMGhyZWYlM0QlMjJtYWlsdG8lM0FwbGFubmluZyU0MGhlbmt2bG90Lm5sJTIyJTNFJTNDaDQlM0VEaXJla3QlMjBwZXIlMjBFLU1haWwlMjBzZW5kZW4lM0MlMkZoNCUzRSUzQ3AlM0VXaXIlMjBoZWxmZW4lMjBJaG5lbiUyMGdlcm5lJTIwd2VpdGVyJTIxJTNDJTJGcCUzRSUzQyUyRmElM0U=[\/vc_raw_html][\/vc_column][vc_column width=&#8220;1\/3&#8243; rt_bg_effect=&#8220;classic&#8220; rt_bg_image_repeat=&#8220;repeat&#8220; rt_bg_size=&#8220;auto auto&#8220; rt_bg_position=&#8220;right top&#8220; rt_bg_attachment=&#8220;scroll&#8220; rt_class=&#8220;rt-2403436&#8243; class=&#8220;contact-1 achtergrond-2&#8243; rt_margins=&#8220;,&#8220; rt_paddings=&#8220;,,0,0&#8243; rt_wrapper_paddings=&#8220;,,,&#8220; rt_tablet_margins=&#8220;,&#8220; rt_tablet_paddings=&#8220;,,,&#8220; rt_tablet_wrapper_paddings=&#8220;,,,&#8220; rt_sp_margins=&#8220;,&#8220; rt_sp_paddings=&#8220;,,,&#8220; rt_sp_wrapper_paddings=&#8220;,,,&#8220; rt_bg_color=&#8220;&#8220; rt_bg_overlay_color=&#8220;&#8220;][vc_raw_html]JTNDYSUyMGhyZWYlM0QlMjJ0ZWwlM0EwNDE4NTkyODkyJTIyJTNFJTNDaDQlM0VBbnJ1ZiUzQyUyRmg0JTNFJTNDcCUzRUVycmVpY2hiYXIlMjB1bnRlciUzQSUyMCUyODA0MTglMjklMjA1OSUyMDI4JTIwOTIlM0MlMkZwJTNFJTNDJTJGYSUzRQ==[\/vc_raw_html][\/vc_column][vc_column width=&#8220;1\/3&#8243; rt_bg_effect=&#8220;classic&#8220; rt_bg_image_repeat=&#8220;repeat&#8220; rt_bg_size=&#8220;auto auto&#8220; rt_bg_position=&#8220;right top&#8220; rt_bg_attachment=&#8220;scroll&#8220; rt_class=&#8220;rt-6179067&#8243; class=&#8220;contact-1 achtergrond-3&#8243; rt_margins=&#8220;,&#8220; rt_paddings=&#8220;,,0,0&#8243; rt_wrapper_paddings=&#8220;,,,&#8220; rt_tablet_margins=&#8220;,&#8220; rt_tablet_paddings=&#8220;,,,&#8220; rt_tablet_wrapper_paddings=&#8220;,,,&#8220; rt_sp_margins=&#8220;,&#8220; rt_sp_paddings=&#8220;,,,&#8220; rt_sp_wrapper_paddings=&#8220;,,,&#8220; rt_bg_color=&#8220;&#8220; rt_bg_overlay_color=&#8220;&#8220;][vc_raw_html]JTNDYSUyMGhyZWYlM0QlMjIlMkZkZSUyRnRyYW5zcG9ydCUyRmtvbnRha3QlMjIlM0UlM0NoNCUzRUtvbnRha3QlMjBGb3JtdWxhciUzQyUyRmg0JTNFJTNDcCUzRVVudmVyYmluZGxpY2hlJTIwS29udGFrdGF1Zm5haG1lJTNDJTJGcCUzRSUzQyUyRmElM0U=[\/vc_raw_html][\/vc_column][\/vc_row]<\/p>\n","protected":false},"excerpt":{"rendered":"<p>[vc_row rt_row_background_width=&#8220;fullwidth&#8220; rt_row_content_width=&#8220;default&#8220; rt_row_style=&#8220;default-style&#8220; rt_row_height=&#8220;&#8220; rt_column_gaps=&#8220;&#8220; rt_row_shadows=&#8220;&#8220; rt_row_borders=&#8220;&#8220; rt_bg_effect=&#8220;classic&#8220; rt_bg_image_repeat=&#8220;repeat&#8220; rt_bg_size=&#8220;cover&#8220; rt_bg_position=&#8220;right top&#8220; rt_bg_attachment=&#8220;scroll&#8220; rt_bg_layer=&#8220;&#8220; rt_bg_video_format=&#8220;self-hosted&#8220; rt_class=&#8220;rt-1979719&#8243; rt_paddings=&#8220;75,75,,&#8220; rt_margins=&#8220;,,,&#8220; rt_content_margins=&#8220;,,,&#8220; rt_tablet_paddings=&#8220;,,,&#8220; rt_tablet_margins=&#8220;,,,&#8220; rt_tablet_content_margins=&#8220;,,,&#8220; rt_sp_paddings=&#8220;,,,&#8220; rt_sp_margins=&#8220;,,,&#8220; rt_sp_content_margins=&#8220;,,,&#8220;][vc_column rt_bg_effect=&#8220;classic&#8220; rt_bg_image_repeat=&#8220;repeat&#8220; rt_bg_size=&#8220;auto auto&#8220; rt_bg_position=&#8220;right top&#8220; rt_bg_attachment=&#8220;scroll&#8220;][vc_tta_tour style=&#8220;flat&#8220; color=&#8220;white&#8220; spacing=&#8220;20&#8243; gap=&#8220;20&#8243; active_section=&#8220;1&#8243; no_fill_content_area=&#8220;true&#8220;][vc_tta_section title=&#8220;One-way Containertransport&#8220; tab_id=&#8220;one-way-containertransport&#8220;][vc_column_text]Eine der Dienstleistungen, die wir bei Henk Vlot Transport anbieten, ist der Einweg-Containertransport. Dieser [&hellip;]<\/p>\n","protected":false},"author":1,"featured_media":0,"parent":1520,"menu_order":0,"comment_status":"closed","ping_status":"closed","template":"","meta":{"inline_featured_image":false,"footnotes":""},"class_list":["post-1526","page","type-page","status-publish","hentry"],"yoast_head":"<!-- This site is optimized with the Yoast SEO plugin v27.4 - https:\/\/yoast.com\/product\/yoast-seo-wordpress\/ -->\n<title>Dienste - Henk Vlot Transport<\/title>\n<meta name=\"robots\" content=\"index, follow, max-snippet:-1, max-image-preview:large, max-video-preview:-1\" \/>\n<link rel=\"canonical\" href=\"https:\/\/www.henkvlot.nl\/de\/transport\/dienste\/\" \/>\n<meta property=\"og:locale\" content=\"de_DE\" \/>\n<meta property=\"og:type\" content=\"article\" \/>\n<meta property=\"og:title\" content=\"Dienste - Henk Vlot Transport\" \/>\n<meta property=\"og:description\" content=\"[vc_row rt_row_background_width=&#8220;fullwidth&#8220; rt_row_content_width=&#8220;default&#8220; rt_row_style=&#8220;default-style&#8220; rt_row_height=&#8220;&#8220; rt_column_gaps=&#8220;&#8220; rt_row_shadows=&#8220;&#8220; rt_row_borders=&#8220;&#8220; rt_bg_effect=&#8220;classic&#8220; rt_bg_image_repeat=&#8220;repeat&#8220; rt_bg_size=&#8220;cover&#8220; rt_bg_position=&#8220;right top&#8220; rt_bg_attachment=&#8220;scroll&#8220; rt_bg_layer=&#8220;&#8220; rt_bg_video_format=&#8220;self-hosted&#8220; rt_class=&#8220;rt-1979719&#8243; rt_paddings=&#8220;75,75,,&#8220; rt_margins=&#8220;,,,&#8220; rt_content_margins=&#8220;,,,&#8220; rt_tablet_paddings=&#8220;,,,&#8220; rt_tablet_margins=&#8220;,,,&#8220; rt_tablet_content_margins=&#8220;,,,&#8220; rt_sp_paddings=&#8220;,,,&#8220; rt_sp_margins=&#8220;,,,&#8220; rt_sp_content_margins=&#8220;,,,&#8220;][vc_column rt_bg_effect=&#8220;classic&#8220; rt_bg_image_repeat=&#8220;repeat&#8220; rt_bg_size=&#8220;auto auto&#8220; rt_bg_position=&#8220;right top&#8220; rt_bg_attachment=&#8220;scroll&#8220;][vc_tta_tour style=&#8220;flat&#8220; color=&#8220;white&#8220; spacing=&#8220;20&#8243; gap=&#8220;20&#8243; active_section=&#8220;1&#8243; no_fill_content_area=&#8220;true&#8220;][vc_tta_section title=&#8220;One-way Containertransport&#8220; tab_id=&#8220;one-way-containertransport&#8220;][vc_column_text]Eine der Dienstleistungen, die wir bei Henk Vlot Transport anbieten, ist der Einweg-Containertransport. Dieser [&hellip;]\" \/>\n<meta property=\"og:url\" content=\"https:\/\/www.henkvlot.nl\/de\/transport\/dienste\/\" \/>\n<meta property=\"og:site_name\" content=\"Henk Vlot Transport\" \/>\n<meta property=\"article:modified_time\" content=\"2024-04-15T14:25:31+00:00\" \/>\n<meta name=\"twitter:card\" content=\"summary_large_image\" \/>\n<meta name=\"twitter:label1\" content=\"Gesch\u00e4tzte Lesezeit\" \/>\n\t<meta name=\"twitter:data1\" content=\"4\u00a0Minuten\" \/>\n<script type=\"application\/ld+json\" class=\"yoast-schema-graph\">{\"@context\":\"https:\\\/\\\/schema.org\",\"@graph\":[{\"@type\":\"WebPage\",\"@id\":\"https:\\\/\\\/www.henkvlot.nl\\\/de\\\/transport\\\/dienste\\\/\",\"url\":\"https:\\\/\\\/www.henkvlot.nl\\\/de\\\/transport\\\/dienste\\\/\",\"name\":\"Dienste - Henk Vlot Transport\",\"isPartOf\":{\"@id\":\"https:\\\/\\\/www.henkvlot.nl\\\/#website\"},\"datePublished\":\"2023-06-12T07:12:28+00:00\",\"dateModified\":\"2024-04-15T14:25:31+00:00\",\"breadcrumb\":{\"@id\":\"https:\\\/\\\/www.henkvlot.nl\\\/de\\\/transport\\\/dienste\\\/#breadcrumb\"},\"inLanguage\":\"de\",\"potentialAction\":[{\"@type\":\"ReadAction\",\"target\":[\"https:\\\/\\\/www.henkvlot.nl\\\/de\\\/transport\\\/dienste\\\/\"]}]},{\"@type\":\"BreadcrumbList\",\"@id\":\"https:\\\/\\\/www.henkvlot.nl\\\/de\\\/transport\\\/dienste\\\/#breadcrumb\",\"itemListElement\":[{\"@type\":\"ListItem\",\"position\":1,\"name\":\"Home\",\"item\":\"https:\\\/\\\/www.henkvlot.nl\\\/de\\\/\"},{\"@type\":\"ListItem\",\"position\":2,\"name\":\"Transport\",\"item\":\"https:\\\/\\\/www.henkvlot.nl\\\/de\\\/transport\\\/\"},{\"@type\":\"ListItem\",\"position\":3,\"name\":\"Dienste\"}]},{\"@type\":\"WebSite\",\"@id\":\"https:\\\/\\\/www.henkvlot.nl\\\/#website\",\"url\":\"https:\\\/\\\/www.henkvlot.nl\\\/\",\"name\":\"Henk Vlot Transport\",\"description\":\"\",\"potentialAction\":[{\"@type\":\"SearchAction\",\"target\":{\"@type\":\"EntryPoint\",\"urlTemplate\":\"https:\\\/\\\/www.henkvlot.nl\\\/?s={search_term_string}\"},\"query-input\":{\"@type\":\"PropertyValueSpecification\",\"valueRequired\":true,\"valueName\":\"search_term_string\"}}],\"inLanguage\":\"de\"}]}<\/script>\n<!-- \/ Yoast SEO plugin. -->","yoast_head_json":{"title":"Dienste - Henk Vlot Transport","robots":{"index":"index","follow":"follow","max-snippet":"max-snippet:-1","max-image-preview":"max-image-preview:large","max-video-preview":"max-video-preview:-1"},"canonical":"https:\/\/www.henkvlot.nl\/de\/transport\/dienste\/","og_locale":"de_DE","og_type":"article","og_title":"Dienste - Henk Vlot Transport","og_description":"[vc_row rt_row_background_width=&#8220;fullwidth&#8220; rt_row_content_width=&#8220;default&#8220; rt_row_style=&#8220;default-style&#8220; rt_row_height=&#8220;&#8220; rt_column_gaps=&#8220;&#8220; rt_row_shadows=&#8220;&#8220; rt_row_borders=&#8220;&#8220; rt_bg_effect=&#8220;classic&#8220; rt_bg_image_repeat=&#8220;repeat&#8220; rt_bg_size=&#8220;cover&#8220; rt_bg_position=&#8220;right top&#8220; rt_bg_attachment=&#8220;scroll&#8220; rt_bg_layer=&#8220;&#8220; rt_bg_video_format=&#8220;self-hosted&#8220; rt_class=&#8220;rt-1979719&#8243; rt_paddings=&#8220;75,75,,&#8220; rt_margins=&#8220;,,,&#8220; rt_content_margins=&#8220;,,,&#8220; rt_tablet_paddings=&#8220;,,,&#8220; rt_tablet_margins=&#8220;,,,&#8220; rt_tablet_content_margins=&#8220;,,,&#8220; rt_sp_paddings=&#8220;,,,&#8220; rt_sp_margins=&#8220;,,,&#8220; rt_sp_content_margins=&#8220;,,,&#8220;][vc_column rt_bg_effect=&#8220;classic&#8220; rt_bg_image_repeat=&#8220;repeat&#8220; rt_bg_size=&#8220;auto auto&#8220; rt_bg_position=&#8220;right top&#8220; rt_bg_attachment=&#8220;scroll&#8220;][vc_tta_tour style=&#8220;flat&#8220; color=&#8220;white&#8220; spacing=&#8220;20&#8243; gap=&#8220;20&#8243; active_section=&#8220;1&#8243; no_fill_content_area=&#8220;true&#8220;][vc_tta_section title=&#8220;One-way Containertransport&#8220; tab_id=&#8220;one-way-containertransport&#8220;][vc_column_text]Eine der Dienstleistungen, die wir bei Henk Vlot Transport anbieten, ist der Einweg-Containertransport. Dieser [&hellip;]","og_url":"https:\/\/www.henkvlot.nl\/de\/transport\/dienste\/","og_site_name":"Henk Vlot Transport","article_modified_time":"2024-04-15T14:25:31+00:00","twitter_card":"summary_large_image","twitter_misc":{"Gesch\u00e4tzte Lesezeit":"4\u00a0Minuten"},"schema":{"@context":"https:\/\/schema.org","@graph":[{"@type":"WebPage","@id":"https:\/\/www.henkvlot.nl\/de\/transport\/dienste\/","url":"https:\/\/www.henkvlot.nl\/de\/transport\/dienste\/","name":"Dienste - Henk Vlot Transport","isPartOf":{"@id":"https:\/\/www.henkvlot.nl\/#website"},"datePublished":"2023-06-12T07:12:28+00:00","dateModified":"2024-04-15T14:25:31+00:00","breadcrumb":{"@id":"https:\/\/www.henkvlot.nl\/de\/transport\/dienste\/#breadcrumb"},"inLanguage":"de","potentialAction":[{"@type":"ReadAction","target":["https:\/\/www.henkvlot.nl\/de\/transport\/dienste\/"]}]},{"@type":"BreadcrumbList","@id":"https:\/\/www.henkvlot.nl\/de\/transport\/dienste\/#breadcrumb","itemListElement":[{"@type":"ListItem","position":1,"name":"Home","item":"https:\/\/www.henkvlot.nl\/de\/"},{"@type":"ListItem","position":2,"name":"Transport","item":"https:\/\/www.henkvlot.nl\/de\/transport\/"},{"@type":"ListItem","position":3,"name":"Dienste"}]},{"@type":"WebSite","@id":"https:\/\/www.henkvlot.nl\/#website","url":"https:\/\/www.henkvlot.nl\/","name":"Henk Vlot Transport","description":"","potentialAction":[{"@type":"SearchAction","target":{"@type":"EntryPoint","urlTemplate":"https:\/\/www.henkvlot.nl\/?s={search_term_string}"},"query-input":{"@type":"PropertyValueSpecification","valueRequired":true,"valueName":"search_term_string"}}],"inLanguage":"de"}]}},"_links":{"self":[{"href":"https:\/\/www.henkvlot.nl\/de\/wp-json\/wp\/v2\/pages\/1526","targetHints":{"allow":["GET"]}}],"collection":[{"href":"https:\/\/www.henkvlot.nl\/de\/wp-json\/wp\/v2\/pages"}],"about":[{"href":"https:\/\/www.henkvlot.nl\/de\/wp-json\/wp\/v2\/types\/page"}],"author":[{"embeddable":true,"href":"https:\/\/www.henkvlot.nl\/de\/wp-json\/wp\/v2\/users\/1"}],"replies":[{"embeddable":true,"href":"https:\/\/www.henkvlot.nl\/de\/wp-json\/wp\/v2\/comments?post=1526"}],"version-history":[{"count":6,"href":"https:\/\/www.henkvlot.nl\/de\/wp-json\/wp\/v2\/pages\/1526\/revisions"}],"predecessor-version":[{"id":1727,"href":"https:\/\/www.henkvlot.nl\/de\/wp-json\/wp\/v2\/pages\/1526\/revisions\/1727"}],"up":[{"embeddable":true,"href":"https:\/\/www.henkvlot.nl\/de\/wp-json\/wp\/v2\/pages\/1520"}],"wp:attachment":[{"href":"https:\/\/www.henkvlot.nl\/de\/wp-json\/wp\/v2\/media?parent=1526"}],"curies":[{"name":"wp","href":"https:\/\/api.w.org\/{rel}","templated":true}]}}