{"id":1588,"date":"2023-06-12T07:13:05","date_gmt":"2023-06-12T07:13:05","guid":{"rendered":"https:\/\/www.henkvlot.nl\/forwarding\/diensten\/"},"modified":"2024-04-15T14:32:24","modified_gmt":"2024-04-15T14:32:24","slug":"dienste","status":"publish","type":"page","link":"https:\/\/www.henkvlot.nl\/de\/forwarding\/dienste\/","title":{"rendered":"Dienste"},"content":{"rendered":"<p>[vc_row rt_row_background_width=&#8220;fullwidth&#8220; rt_row_content_width=&#8220;default&#8220; rt_row_style=&#8220;default-style&#8220; rt_row_height=&#8220;&#8220; rt_column_gaps=&#8220;&#8220; rt_row_shadows=&#8220;&#8220; rt_row_borders=&#8220;&#8220; rt_bg_effect=&#8220;classic&#8220; rt_bg_image_repeat=&#8220;repeat&#8220; rt_bg_size=&#8220;cover&#8220; rt_bg_position=&#8220;right top&#8220; rt_bg_attachment=&#8220;scroll&#8220; rt_bg_layer=&#8220;&#8220; rt_bg_video_format=&#8220;self-hosted&#8220; rt_class=&#8220;rt-5573372&#8243; rt_paddings=&#8220;75,50,,&#8220; rt_margins=&#8220;,,,&#8220; rt_content_margins=&#8220;,,,&#8220; rt_tablet_paddings=&#8220;,,,&#8220; rt_tablet_margins=&#8220;,,,&#8220; rt_tablet_content_margins=&#8220;,,,&#8220; rt_sp_paddings=&#8220;,40,,&#8220; rt_sp_margins=&#8220;,,,&#8220; rt_sp_content_margins=&#8220;,,,&#8220;][vc_column rt_bg_effect=&#8220;classic&#8220; rt_bg_image_repeat=&#8220;repeat&#8220; rt_bg_size=&#8220;auto auto&#8220; rt_bg_position=&#8220;right top&#8220; rt_bg_attachment=&#8220;scroll&#8220;][vc_tta_tour style=&#8220;flat&#8220; color=&#8220;white&#8220; spacing=&#8220;20&#8243; gap=&#8220;20&#8243; active_section=&#8220;1&#8243; no_fill_content_area=&#8220;true&#8220;][vc_tta_section title=&#8220;Forwarding&#8220; tab_id=&#8220;forwarding&#8220;]<div class=\"rt-heading-wrapper rt-9592119\">\n\t\t\t\t\t\t<h1 class=\"rt-heading\" >Forwarding<\/h1>\n\t\t\t\t\t<\/div>[vc_column_text]Bei Henk Vlot Forwarding k\u00fcmmern wir uns um die Logistikprobleme unserer Kunden. Als Speditionszweig von Henk Vlot Transport sind wir in den Bereichen Umschlag, St\u00fcckgutumschlag, Stripping und Stuffing t\u00e4tig. Bei unserer Arbeit achten wir auf unsere Kunden und garantieren Ihnen das gew\u00fcnschte Ergebnis. Wir verf\u00fcgen \u00fcber einen modernen Fuhrpark, einschlie\u00dflich Spezialanh\u00e4ngern. Alle unsere Fahrer verf\u00fcgen \u00fcber die entsprechenden Diplome und Zertifikate, um Ihren Transport durchzuf\u00fchren. Das bedeutet, dass wir nicht nur den Transport organisieren, sondern auch die gesamte daf\u00fcr erforderliche Vorbereitung und Nachsorge. Forwarding bedeutet, dass wir uns um die gesamte Organisation der Waren bis zum endg\u00fcltigen Bestimmungsort k\u00fcmmern.[\/vc_column_text][vc_single_image image=&#8220;228&#8243; img_size=&#8220;800&#215;500&#8243; el_class=&#8220;foto-over-header&#8220;][vc_column_text]Sind Sie neugierig, was wir f\u00fcr Sie tun k\u00f6nnen oder haben Sie Fragen zu unseren M\u00f6glichkeiten? Nehmen Sie unverbindlich Kontakt mit uns auf, wir helfen Ihnen gerne weiter. W\u00e4hrend des Speditionsprozesses erhalten Sie regelm\u00e4\u00dfige Statusaktualisierungen und sind stets \u00fcber den Status Ihrer Waren informiert. Gerne nehmen wir Ihnen Ihre Sorgen ab![\/vc_column_text][\/vc_tta_section][vc_tta_section title=&#8220;St\u00fcckgutumschlag&#8220; tab_id=&#8220;stuckgutumschlag&#8220;]<div class=\"rt-heading-wrapper rt-4120707\">\n\t\t\t\t\t\t<h1 class=\"rt-heading\" >St\u00fcckgutumschlag<\/h1>\n\t\t\t\t\t<\/div>[vc_column_text]Als Speditionszweig sind wir auf den Transport von St\u00fcckg\u00fctern\/Sammelg\u00fctern in Deutschland, \u00d6sterreich, Italien, Tschechien und der Schweiz spezialisiert<\/p>\n<p>Beachten Sie bitte:<\/p>\n<ul>\n<li>Maschinen<\/li>\n<li>Truhen<\/li>\n<li>Kisten<\/li>\n<li>Palette<\/li>\n<\/ul>\n<p>Wir bieten auch den Transport von G\u00fctern an, die nicht den Standardgr\u00f6\u00dfen entsprechen, sowohl f\u00fcr den nationalen als auch f\u00fcr den internationalen Transport.<\/p>\n<p>F\u00fcr weitere Informationen k\u00f6nnen Sie uns gerne kontaktieren, um die M\u00f6glichkeiten zu besprechen.[\/vc_column_text][vc_single_image image=&#8220;226&#8243; img_size=&#8220;800&#215;500&#8243; el_class=&#8220;foto-over-header&#8220;][\/vc_tta_section][vc_tta_section title=&#8220;Umschlag&#8220; tab_id=&#8220;umschlag&#8220;]<div class=\"rt-heading-wrapper rt-1091725\">\n\t\t\t\t\t\t<h1 class=\"rt-heading\" >Umschlag<\/h1>\n\t\t\t\t\t<\/div>[vc_column_text]Wir verf\u00fcgen \u00fcber ein Umschlagterminal, an dem wir Waren direkt in das Transportmittel Ihrer Wahl umladen k\u00f6nnen.<\/p>\n<ul>\n<li>Entladen von Containern, bei dem wir die Waren so schnell wie m\u00f6glich zum gew\u00fcnschten Endbestimmungsort transportieren.<\/li>\n<li>Verladung von Containern: Waren, die von verschiedenen Zielorten innerhalb und au\u00dferhalb der EU bei uns eintreffen, werden seem\u00e4\u00dfig verladen und gesichert.<\/li>\n<li>Cross-Docking: Eingehende Waren werden so schnell wie m\u00f6glich an den endg\u00fcltigen Bestimmungsort weitergeleitet.<\/li>\n<\/ul>\n<p><strong>Lagerung<\/strong><\/p>\n<p>Zur Lagerung verf\u00fcgen wir \u00fcber ein eigenes Lager von 1000 m2.[\/vc_column_text][vc_single_image image=&#8220;241&#8243; img_size=&#8220;800&#215;500&#8243; el_class=&#8220;foto-over-header&#8220;][\/vc_tta_section][vc_tta_section title=&#8220;Zollformalit\u00e4ten&#8220; tab_id=&#8220;zollformalitaten&#8220;]<div class=\"rt-heading-wrapper rt-4132320\">\n\t\t\t\t\t\t<h1 class=\"rt-heading\" >Zollformalit\u00e4ten<\/h1>\n\t\t\t\t\t<\/div>[vc_column_text]Zollangelegenheiten sind oft schwierig, und das verstehen wir sehr gut. Bei Bedarf k\u00f6nnen wir in dieser Hinsicht in Zusammenarbeit mit unserem Zollagenten zus\u00e4tzliche Unterst\u00fctzung leisten.<\/p>\n<p>Zu den m\u00f6glichen Problemen geh\u00f6ren:<\/p>\n<ul>\n<li>Zollabfertigungen<\/li>\n<li>Zollabfertigungen<\/li>\n<li>Transitdokumentation<\/li>\n<\/ul>\n<p>[\/vc_column_text][vc_single_image image=&#8220;233&#8243; img_size=&#8220;800&#215;500&#8243; el_class=&#8220;foto-over-header&#8220;][\/vc_tta_section][\/vc_tta_tour][\/vc_column][\/vc_row][vc_row rt_row_background_width=&#8220;fullwidth&#8220; rt_row_content_width=&#8220;default&#8220; rt_row_style=&#8220;default-style&#8220; rt_row_height=&#8220;&#8220; rt_column_placement=&#8220;bottom&#8220; rt_column_gaps=&#8220;&#8220; rt_row_shadows=&#8220;&#8220; rt_row_borders=&#8220;&#8220; rt_bg_effect=&#8220;classic&#8220; rt_bg_image_repeat=&#8220;repeat&#8220; rt_bg_size=&#8220;cover&#8220; rt_bg_position=&#8220;right top&#8220; rt_bg_attachment=&#8220;scroll&#8220; rt_bg_layer=&#8220;&#8220; rt_bg_video_format=&#8220;self-hosted&#8220; rt_class=&#8220;rt-9018622&#8243; rt_paddings=&#8220;25,20,,&#8220; rt_margins=&#8220;,,,&#8220; rt_content_margins=&#8220;,,,&#8220; rt_tablet_paddings=&#8220;,,,&#8220; rt_tablet_margins=&#8220;,,,&#8220; rt_tablet_content_margins=&#8220;,,,&#8220; rt_sp_paddings=&#8220;0,,,&#8220; rt_sp_margins=&#8220;,,,&#8220; rt_sp_content_margins=&#8220;,,,&#8220;][vc_column width=&#8220;2\/5&#8243; rt_bg_effect=&#8220;classic&#8220; rt_bg_image_repeat=&#8220;repeat&#8220; rt_bg_size=&#8220;auto auto&#8220; rt_bg_position=&#8220;right top&#8220; rt_bg_attachment=&#8220;scroll&#8220; rt_class=&#8220;rt-6548833&#8243; class=&#8220;heading-contact&#8220; rt_margins=&#8220;,&#8220; rt_paddings=&#8220;,,,&#8220; rt_wrapper_paddings=&#8220;,,,&#8220; rt_tablet_margins=&#8220;,&#8220; rt_tablet_paddings=&#8220;,,,&#8220; rt_tablet_wrapper_paddings=&#8220;,,,&#8220; rt_sp_margins=&#8220;,&#8220; rt_sp_paddings=&#8220;,,,&#8220; rt_sp_wrapper_paddings=&#8220;,,,&#8220; rt_bg_color=&#8220;&#8220; rt_bg_overlay_color=&#8220;&#8220;]<div class=\"rt-heading-wrapper rt-3894959\">\n\t\t\t\t\t\t<h1 class=\"rt-heading\" >Kontaktieren Sie uns unverbindlich!<\/h1>\n\t\t\t\t\t<\/div>[vc_column_text]Kontaktieren Sie uns gerne \u00fcber die untenstehenden Schaltfl\u00e4chen. Unser Team wird versuchen, so schnell wie m\u00f6glich auf Ihre Nachricht zu antworten.[\/vc_column_text][\/vc_column][vc_column width=&#8220;3\/5&#8243; rt_bg_effect=&#8220;classic&#8220; rt_bg_image_repeat=&#8220;repeat&#8220; rt_bg_size=&#8220;auto auto&#8220; rt_bg_position=&#8220;right top&#8220; rt_bg_attachment=&#8220;scroll&#8220; rt_class=&#8220;rt-5333744&#8243; rt_margins=&#8220;,&#8220; rt_paddings=&#8220;,,50,&#8220; rt_wrapper_paddings=&#8220;,,,&#8220; rt_tablet_margins=&#8220;,&#8220; rt_tablet_paddings=&#8220;,,,&#8220; rt_tablet_wrapper_paddings=&#8220;,,,&#8220; rt_sp_margins=&#8220;,&#8220; rt_sp_paddings=&#8220;,,,&#8220; rt_sp_wrapper_paddings=&#8220;,,,&#8220; rt_bg_color=&#8220;&#8220; rt_bg_overlay_color=&#8220;&#8220; class=&#8220;kolom-vrachtwagen&#8220;][vc_single_image image=&#8220;294&#8243; img_size=&#8220;full&#8220;][\/vc_column][\/vc_row][vc_row rt_row_background_width=&#8220;fullwidth&#8220; rt_row_content_width=&#8220;default&#8220; rt_row_style=&#8220;default-style&#8220; rt_row_height=&#8220;&#8220; rt_column_gaps=&#8220;&#8220; rt_row_shadows=&#8220;&#8220; rt_row_borders=&#8220;&#8220; rt_bg_effect=&#8220;classic&#8220; rt_bg_image_repeat=&#8220;repeat&#8220; rt_bg_size=&#8220;cover&#8220; rt_bg_position=&#8220;right top&#8220; rt_bg_attachment=&#8220;scroll&#8220; rt_bg_layer=&#8220;&#8220; rt_bg_video_format=&#8220;self-hosted&#8220; rt_class=&#8220;rt-1343984&#8243; rt_paddings=&#8220;0,100,,&#8220; rt_margins=&#8220;,,,&#8220; rt_content_margins=&#8220;,,,&#8220; rt_tablet_paddings=&#8220;,50,,&#8220; rt_tablet_margins=&#8220;,,,&#8220; rt_tablet_content_margins=&#8220;,,,&#8220; rt_sp_paddings=&#8220;,50,,&#8220; rt_sp_margins=&#8220;,,,&#8220; rt_sp_content_margins=&#8220;,,,&#8220;][vc_column width=&#8220;1\/3&#8243; rt_bg_effect=&#8220;classic&#8220; rt_bg_image_repeat=&#8220;repeat&#8220; rt_bg_size=&#8220;auto auto&#8220; rt_bg_position=&#8220;right top&#8220; rt_bg_attachment=&#8220;scroll&#8220; rt_class=&#8220;rt-5955396&#8243; class=&#8220;contact-1 achtergrond-1&#8243; rt_margins=&#8220;,&#8220; rt_paddings=&#8220;,,0,0&#8243; rt_wrapper_paddings=&#8220;,,,&#8220; rt_tablet_margins=&#8220;,&#8220; rt_tablet_paddings=&#8220;,,,&#8220; rt_tablet_wrapper_paddings=&#8220;,,,&#8220; rt_sp_margins=&#8220;,&#8220; rt_sp_paddings=&#8220;,,,&#8220; rt_sp_wrapper_paddings=&#8220;,,,&#8220; rt_bg_color=&#8220;&#8220; rt_bg_overlay_color=&#8220;&#8220;][vc_raw_html]JTNDYSUyMGhyZWYlM0QlMjJtYWlsdG8lM0Fmb3J3YXJkaW5nJTQwaGVua3Zsb3QubmwlMjIlM0UlM0NoNCUzRURpcmVrdCUyMHBlciUyMEUtTWFpbCUyMHNlbmRlbiUzQyUyRmg0JTNFJTNDcCUzRVdpciUyMGhlbGZlbiUyMElobmVuJTIwZ2VybmUlMjB3ZWl0ZXIlMjElM0MlMkZwJTNFJTNDJTJGYSUzRQ==[\/vc_raw_html][\/vc_column][vc_column width=&#8220;1\/3&#8243; rt_bg_effect=&#8220;classic&#8220; rt_bg_image_repeat=&#8220;repeat&#8220; rt_bg_size=&#8220;auto auto&#8220; rt_bg_position=&#8220;right top&#8220; rt_bg_attachment=&#8220;scroll&#8220; rt_class=&#8220;rt-2403436&#8243; class=&#8220;contact-1 achtergrond-2&#8243; rt_margins=&#8220;,&#8220; rt_paddings=&#8220;,,0,0&#8243; rt_wrapper_paddings=&#8220;,,,&#8220; rt_tablet_margins=&#8220;,&#8220; rt_tablet_paddings=&#8220;,,,&#8220; rt_tablet_wrapper_paddings=&#8220;,,,&#8220; rt_sp_margins=&#8220;,&#8220; rt_sp_paddings=&#8220;,,,&#8220; rt_sp_wrapper_paddings=&#8220;,,,&#8220; rt_bg_color=&#8220;&#8220; rt_bg_overlay_color=&#8220;&#8220;][vc_raw_html]JTNDYSUyMGhyZWYlM0QlMjJ0ZWwlM0EwNDE4NzQ1MzkwJTIyJTNFJTNDaDQlM0VBbnJ1ZiUzQyUyRmg0JTNFJTNDcCUzRUVycmVpY2hiYXIlMjB1bnRlciUzQSUyMCUyODA0MTglMjklMjA3NDUlMjAzOTAlM0MlMkZwJTNFJTNDJTJGYSUzRQ==[\/vc_raw_html][\/vc_column][vc_column width=&#8220;1\/3&#8243; rt_bg_effect=&#8220;classic&#8220; rt_bg_image_repeat=&#8220;repeat&#8220; rt_bg_size=&#8220;auto auto&#8220; rt_bg_position=&#8220;right top&#8220; rt_bg_attachment=&#8220;scroll&#8220; rt_class=&#8220;rt-6179067&#8243; class=&#8220;contact-1 achtergrond-3&#8243; rt_margins=&#8220;,&#8220; rt_paddings=&#8220;,,0,0&#8243; rt_wrapper_paddings=&#8220;,,,&#8220; rt_tablet_margins=&#8220;,&#8220; rt_tablet_paddings=&#8220;,,,&#8220; rt_tablet_wrapper_paddings=&#8220;,,,&#8220; rt_sp_margins=&#8220;,&#8220; rt_sp_paddings=&#8220;,,,&#8220; rt_sp_wrapper_paddings=&#8220;,,,&#8220; rt_bg_color=&#8220;&#8220; rt_bg_overlay_color=&#8220;&#8220;][vc_raw_html]JTNDYSUyMGhyZWYlM0QlMjIlMkZjb250YWN0JTIyJTNFJTNDaDQlM0VLb250YWt0JTIwRm9ybXVsYXIlM0MlMkZoNCUzRSUzQ3AlM0VVbnZlcmJpbmRsaWNoZSUyMEtvbnRha3RhdWZuYWhtZSUzQyUyRnAlM0UlM0MlMkZhJTNF[\/vc_raw_html][\/vc_column][\/vc_row]<\/p>\n","protected":false},"excerpt":{"rendered":"<p>[vc_row rt_row_background_width=&#8220;fullwidth&#8220; rt_row_content_width=&#8220;default&#8220; rt_row_style=&#8220;default-style&#8220; rt_row_height=&#8220;&#8220; rt_column_gaps=&#8220;&#8220; rt_row_shadows=&#8220;&#8220; rt_row_borders=&#8220;&#8220; rt_bg_effect=&#8220;classic&#8220; rt_bg_image_repeat=&#8220;repeat&#8220; rt_bg_size=&#8220;cover&#8220; rt_bg_position=&#8220;right top&#8220; rt_bg_attachment=&#8220;scroll&#8220; rt_bg_layer=&#8220;&#8220; rt_bg_video_format=&#8220;self-hosted&#8220; rt_class=&#8220;rt-5573372&#8243; rt_paddings=&#8220;75,50,,&#8220; rt_margins=&#8220;,,,&#8220; rt_content_margins=&#8220;,,,&#8220; rt_tablet_paddings=&#8220;,,,&#8220; rt_tablet_margins=&#8220;,,,&#8220; rt_tablet_content_margins=&#8220;,,,&#8220; rt_sp_paddings=&#8220;,40,,&#8220; rt_sp_margins=&#8220;,,,&#8220; rt_sp_content_margins=&#8220;,,,&#8220;][vc_column rt_bg_effect=&#8220;classic&#8220; rt_bg_image_repeat=&#8220;repeat&#8220; rt_bg_size=&#8220;auto auto&#8220; rt_bg_position=&#8220;right top&#8220; rt_bg_attachment=&#8220;scroll&#8220;][vc_tta_tour style=&#8220;flat&#8220; color=&#8220;white&#8220; spacing=&#8220;20&#8243; gap=&#8220;20&#8243; active_section=&#8220;1&#8243; no_fill_content_area=&#8220;true&#8220;][vc_tta_section title=&#8220;Forwarding&#8220; tab_id=&#8220;forwarding&#8220;][vc_column_text]Bei Henk Vlot Forwarding k\u00fcmmern wir uns um die Logistikprobleme unserer Kunden. Als Speditionszweig von [&hellip;]<\/p>\n","protected":false},"author":1,"featured_media":0,"parent":1580,"menu_order":0,"comment_status":"closed","ping_status":"closed","template":"","meta":{"inline_featured_image":false,"footnotes":""},"class_list":["post-1588","page","type-page","status-publish","hentry"],"yoast_head":"<!-- This site is optimized with the Yoast SEO plugin v27.4 - https:\/\/yoast.com\/product\/yoast-seo-wordpress\/ -->\n<title>Dienste - Henk Vlot Transport<\/title>\n<meta name=\"robots\" content=\"index, follow, max-snippet:-1, max-image-preview:large, max-video-preview:-1\" \/>\n<link rel=\"canonical\" href=\"https:\/\/www.henkvlot.nl\/de\/forwarding\/dienste\/\" \/>\n<meta property=\"og:locale\" content=\"de_DE\" \/>\n<meta property=\"og:type\" content=\"article\" \/>\n<meta property=\"og:title\" content=\"Dienste - Henk Vlot Transport\" \/>\n<meta property=\"og:description\" content=\"[vc_row rt_row_background_width=&#8220;fullwidth&#8220; rt_row_content_width=&#8220;default&#8220; rt_row_style=&#8220;default-style&#8220; rt_row_height=&#8220;&#8220; rt_column_gaps=&#8220;&#8220; rt_row_shadows=&#8220;&#8220; rt_row_borders=&#8220;&#8220; rt_bg_effect=&#8220;classic&#8220; rt_bg_image_repeat=&#8220;repeat&#8220; rt_bg_size=&#8220;cover&#8220; rt_bg_position=&#8220;right top&#8220; rt_bg_attachment=&#8220;scroll&#8220; rt_bg_layer=&#8220;&#8220; rt_bg_video_format=&#8220;self-hosted&#8220; rt_class=&#8220;rt-5573372&#8243; rt_paddings=&#8220;75,50,,&#8220; rt_margins=&#8220;,,,&#8220; rt_content_margins=&#8220;,,,&#8220; rt_tablet_paddings=&#8220;,,,&#8220; rt_tablet_margins=&#8220;,,,&#8220; rt_tablet_content_margins=&#8220;,,,&#8220; rt_sp_paddings=&#8220;,40,,&#8220; rt_sp_margins=&#8220;,,,&#8220; rt_sp_content_margins=&#8220;,,,&#8220;][vc_column rt_bg_effect=&#8220;classic&#8220; rt_bg_image_repeat=&#8220;repeat&#8220; rt_bg_size=&#8220;auto auto&#8220; rt_bg_position=&#8220;right top&#8220; rt_bg_attachment=&#8220;scroll&#8220;][vc_tta_tour style=&#8220;flat&#8220; color=&#8220;white&#8220; spacing=&#8220;20&#8243; gap=&#8220;20&#8243; active_section=&#8220;1&#8243; no_fill_content_area=&#8220;true&#8220;][vc_tta_section title=&#8220;Forwarding&#8220; tab_id=&#8220;forwarding&#8220;][vc_column_text]Bei Henk Vlot Forwarding k\u00fcmmern wir uns um die Logistikprobleme unserer Kunden. Als Speditionszweig von [&hellip;]\" \/>\n<meta property=\"og:url\" content=\"https:\/\/www.henkvlot.nl\/de\/forwarding\/dienste\/\" \/>\n<meta property=\"og:site_name\" content=\"Henk Vlot Transport\" \/>\n<meta property=\"article:modified_time\" content=\"2024-04-15T14:32:24+00:00\" \/>\n<meta name=\"twitter:card\" content=\"summary_large_image\" \/>\n<meta name=\"twitter:label1\" content=\"Gesch\u00e4tzte Lesezeit\" \/>\n\t<meta name=\"twitter:data1\" content=\"5\u00a0Minuten\" \/>\n<script type=\"application\/ld+json\" class=\"yoast-schema-graph\">{\"@context\":\"https:\\\/\\\/schema.org\",\"@graph\":[{\"@type\":\"WebPage\",\"@id\":\"https:\\\/\\\/www.henkvlot.nl\\\/de\\\/forwarding\\\/dienste\\\/\",\"url\":\"https:\\\/\\\/www.henkvlot.nl\\\/de\\\/forwarding\\\/dienste\\\/\",\"name\":\"Dienste - Henk Vlot Transport\",\"isPartOf\":{\"@id\":\"https:\\\/\\\/www.henkvlot.nl\\\/#website\"},\"datePublished\":\"2023-06-12T07:13:05+00:00\",\"dateModified\":\"2024-04-15T14:32:24+00:00\",\"breadcrumb\":{\"@id\":\"https:\\\/\\\/www.henkvlot.nl\\\/de\\\/forwarding\\\/dienste\\\/#breadcrumb\"},\"inLanguage\":\"de\",\"potentialAction\":[{\"@type\":\"ReadAction\",\"target\":[\"https:\\\/\\\/www.henkvlot.nl\\\/de\\\/forwarding\\\/dienste\\\/\"]}]},{\"@type\":\"BreadcrumbList\",\"@id\":\"https:\\\/\\\/www.henkvlot.nl\\\/de\\\/forwarding\\\/dienste\\\/#breadcrumb\",\"itemListElement\":[{\"@type\":\"ListItem\",\"position\":1,\"name\":\"Home\",\"item\":\"https:\\\/\\\/www.henkvlot.nl\\\/de\\\/\"},{\"@type\":\"ListItem\",\"position\":2,\"name\":\"Forwarding\",\"item\":\"https:\\\/\\\/www.henkvlot.nl\\\/de\\\/forwarding\\\/\"},{\"@type\":\"ListItem\",\"position\":3,\"name\":\"Dienste\"}]},{\"@type\":\"WebSite\",\"@id\":\"https:\\\/\\\/www.henkvlot.nl\\\/#website\",\"url\":\"https:\\\/\\\/www.henkvlot.nl\\\/\",\"name\":\"Henk Vlot Transport\",\"description\":\"\",\"potentialAction\":[{\"@type\":\"SearchAction\",\"target\":{\"@type\":\"EntryPoint\",\"urlTemplate\":\"https:\\\/\\\/www.henkvlot.nl\\\/?s={search_term_string}\"},\"query-input\":{\"@type\":\"PropertyValueSpecification\",\"valueRequired\":true,\"valueName\":\"search_term_string\"}}],\"inLanguage\":\"de\"}]}<\/script>\n<!-- \/ Yoast SEO plugin. -->","yoast_head_json":{"title":"Dienste - Henk Vlot Transport","robots":{"index":"index","follow":"follow","max-snippet":"max-snippet:-1","max-image-preview":"max-image-preview:large","max-video-preview":"max-video-preview:-1"},"canonical":"https:\/\/www.henkvlot.nl\/de\/forwarding\/dienste\/","og_locale":"de_DE","og_type":"article","og_title":"Dienste - Henk Vlot Transport","og_description":"[vc_row rt_row_background_width=&#8220;fullwidth&#8220; rt_row_content_width=&#8220;default&#8220; rt_row_style=&#8220;default-style&#8220; rt_row_height=&#8220;&#8220; rt_column_gaps=&#8220;&#8220; rt_row_shadows=&#8220;&#8220; rt_row_borders=&#8220;&#8220; rt_bg_effect=&#8220;classic&#8220; rt_bg_image_repeat=&#8220;repeat&#8220; rt_bg_size=&#8220;cover&#8220; rt_bg_position=&#8220;right top&#8220; rt_bg_attachment=&#8220;scroll&#8220; rt_bg_layer=&#8220;&#8220; rt_bg_video_format=&#8220;self-hosted&#8220; rt_class=&#8220;rt-5573372&#8243; rt_paddings=&#8220;75,50,,&#8220; rt_margins=&#8220;,,,&#8220; rt_content_margins=&#8220;,,,&#8220; rt_tablet_paddings=&#8220;,,,&#8220; rt_tablet_margins=&#8220;,,,&#8220; rt_tablet_content_margins=&#8220;,,,&#8220; rt_sp_paddings=&#8220;,40,,&#8220; rt_sp_margins=&#8220;,,,&#8220; rt_sp_content_margins=&#8220;,,,&#8220;][vc_column rt_bg_effect=&#8220;classic&#8220; rt_bg_image_repeat=&#8220;repeat&#8220; rt_bg_size=&#8220;auto auto&#8220; rt_bg_position=&#8220;right top&#8220; rt_bg_attachment=&#8220;scroll&#8220;][vc_tta_tour style=&#8220;flat&#8220; color=&#8220;white&#8220; spacing=&#8220;20&#8243; gap=&#8220;20&#8243; active_section=&#8220;1&#8243; no_fill_content_area=&#8220;true&#8220;][vc_tta_section title=&#8220;Forwarding&#8220; tab_id=&#8220;forwarding&#8220;][vc_column_text]Bei Henk Vlot Forwarding k\u00fcmmern wir uns um die Logistikprobleme unserer Kunden. Als Speditionszweig von [&hellip;]","og_url":"https:\/\/www.henkvlot.nl\/de\/forwarding\/dienste\/","og_site_name":"Henk Vlot Transport","article_modified_time":"2024-04-15T14:32:24+00:00","twitter_card":"summary_large_image","twitter_misc":{"Gesch\u00e4tzte Lesezeit":"5\u00a0Minuten"},"schema":{"@context":"https:\/\/schema.org","@graph":[{"@type":"WebPage","@id":"https:\/\/www.henkvlot.nl\/de\/forwarding\/dienste\/","url":"https:\/\/www.henkvlot.nl\/de\/forwarding\/dienste\/","name":"Dienste - Henk Vlot Transport","isPartOf":{"@id":"https:\/\/www.henkvlot.nl\/#website"},"datePublished":"2023-06-12T07:13:05+00:00","dateModified":"2024-04-15T14:32:24+00:00","breadcrumb":{"@id":"https:\/\/www.henkvlot.nl\/de\/forwarding\/dienste\/#breadcrumb"},"inLanguage":"de","potentialAction":[{"@type":"ReadAction","target":["https:\/\/www.henkvlot.nl\/de\/forwarding\/dienste\/"]}]},{"@type":"BreadcrumbList","@id":"https:\/\/www.henkvlot.nl\/de\/forwarding\/dienste\/#breadcrumb","itemListElement":[{"@type":"ListItem","position":1,"name":"Home","item":"https:\/\/www.henkvlot.nl\/de\/"},{"@type":"ListItem","position":2,"name":"Forwarding","item":"https:\/\/www.henkvlot.nl\/de\/forwarding\/"},{"@type":"ListItem","position":3,"name":"Dienste"}]},{"@type":"WebSite","@id":"https:\/\/www.henkvlot.nl\/#website","url":"https:\/\/www.henkvlot.nl\/","name":"Henk Vlot Transport","description":"","potentialAction":[{"@type":"SearchAction","target":{"@type":"EntryPoint","urlTemplate":"https:\/\/www.henkvlot.nl\/?s={search_term_string}"},"query-input":{"@type":"PropertyValueSpecification","valueRequired":true,"valueName":"search_term_string"}}],"inLanguage":"de"}]}},"_links":{"self":[{"href":"https:\/\/www.henkvlot.nl\/de\/wp-json\/wp\/v2\/pages\/1588","targetHints":{"allow":["GET"]}}],"collection":[{"href":"https:\/\/www.henkvlot.nl\/de\/wp-json\/wp\/v2\/pages"}],"about":[{"href":"https:\/\/www.henkvlot.nl\/de\/wp-json\/wp\/v2\/types\/page"}],"author":[{"embeddable":true,"href":"https:\/\/www.henkvlot.nl\/de\/wp-json\/wp\/v2\/users\/1"}],"replies":[{"embeddable":true,"href":"https:\/\/www.henkvlot.nl\/de\/wp-json\/wp\/v2\/comments?post=1588"}],"version-history":[{"count":4,"href":"https:\/\/www.henkvlot.nl\/de\/wp-json\/wp\/v2\/pages\/1588\/revisions"}],"predecessor-version":[{"id":1732,"href":"https:\/\/www.henkvlot.nl\/de\/wp-json\/wp\/v2\/pages\/1588\/revisions\/1732"}],"up":[{"embeddable":true,"href":"https:\/\/www.henkvlot.nl\/de\/wp-json\/wp\/v2\/pages\/1580"}],"wp:attachment":[{"href":"https:\/\/www.henkvlot.nl\/de\/wp-json\/wp\/v2\/media?parent=1588"}],"curies":[{"name":"wp","href":"https:\/\/api.w.org\/{rel}","templated":true}]}}