{"id":1614,"date":"2023-06-12T07:17:04","date_gmt":"2023-06-12T07:17:04","guid":{"rendered":"https:\/\/www.henkvlot.nl\/forwarding\/fotogalerij\/"},"modified":"2024-04-15T13:05:05","modified_gmt":"2024-04-15T13:05:05","slug":"fotogallerie","status":"publish","type":"page","link":"https:\/\/www.henkvlot.nl\/de\/forwarding\/fotogallerie\/","title":{"rendered":"Fotogallerie"},"content":{"rendered":"<p>[vc_row rt_row_background_width=&#8220;fullwidth&#8220; rt_row_content_width=&#8220;default&#8220; rt_row_style=&#8220;default-style&#8220; rt_row_height=&#8220;&#8220; rt_column_gaps=&#8220;&#8220; rt_row_shadows=&#8220;&#8220; rt_row_borders=&#8220;&#8220; rt_bg_effect=&#8220;classic&#8220; rt_bg_image_repeat=&#8220;repeat&#8220; rt_bg_size=&#8220;cover&#8220; rt_bg_position=&#8220;right top&#8220; rt_bg_attachment=&#8220;scroll&#8220; rt_bg_layer=&#8220;&#8220; rt_bg_video_format=&#8220;self-hosted&#8220; rt_class=&#8220;rt-2297164&#8243; rt_paddings=&#8220;75,50,,&#8220; rt_margins=&#8220;,,,&#8220; rt_content_margins=&#8220;,,,&#8220; rt_tablet_paddings=&#8220;,,,&#8220; rt_tablet_margins=&#8220;,,,&#8220; rt_tablet_content_margins=&#8220;,,,&#8220; rt_sp_paddings=&#8220;,,,&#8220; rt_sp_margins=&#8220;,,,&#8220; rt_sp_content_margins=&#8220;,,,&#8220;][vc_column rt_bg_effect=&#8220;classic&#8220; rt_bg_image_repeat=&#8220;repeat&#8220; rt_bg_size=&#8220;auto auto&#8220; rt_bg_position=&#8220;right top&#8220; rt_bg_attachment=&#8220;scroll&#8220;][vc_media_grid grid_id=&#8220;vc_gid:1713186275325-d4356174-b3f9-4&#8243; include=&#8220;607,608,609,610,611,612,614,613,615,616,617,618,619,620,621,622,623&#8243;][\/vc_column][\/vc_row][vc_row rt_row_background_width=&#8220;fullwidth&#8220; rt_row_content_width=&#8220;default&#8220; rt_row_style=&#8220;default-style&#8220; rt_row_height=&#8220;&#8220; rt_column_placement=&#8220;bottom&#8220; rt_column_gaps=&#8220;&#8220; rt_row_shadows=&#8220;&#8220; rt_row_borders=&#8220;&#8220; rt_bg_effect=&#8220;classic&#8220; rt_bg_image_repeat=&#8220;repeat&#8220; rt_bg_size=&#8220;cover&#8220; rt_bg_position=&#8220;right top&#8220; rt_bg_attachment=&#8220;scroll&#8220; rt_bg_layer=&#8220;&#8220; rt_bg_video_format=&#8220;self-hosted&#8220; rt_class=&#8220;rt-7627490&#8243; rt_paddings=&#8220;25,20,,&#8220; rt_margins=&#8220;,,,&#8220; rt_content_margins=&#8220;,,,&#8220; rt_tablet_paddings=&#8220;,,,&#8220; rt_tablet_margins=&#8220;,,,&#8220; rt_tablet_content_margins=&#8220;,,,&#8220; rt_sp_paddings=&#8220;,,,&#8220; rt_sp_margins=&#8220;,,,&#8220; rt_sp_content_margins=&#8220;,,,&#8220;][vc_column width=&#8220;2\/5&#8243; rt_bg_effect=&#8220;classic&#8220; rt_bg_image_repeat=&#8220;repeat&#8220; rt_bg_size=&#8220;auto auto&#8220; rt_bg_position=&#8220;right top&#8220; rt_bg_attachment=&#8220;scroll&#8220; rt_class=&#8220;rt-6548833&#8243; class=&#8220;heading-contact&#8220; rt_margins=&#8220;,&#8220; rt_paddings=&#8220;,,,&#8220; rt_wrapper_paddings=&#8220;,,,&#8220; rt_tablet_margins=&#8220;,&#8220; rt_tablet_paddings=&#8220;,,,&#8220; rt_tablet_wrapper_paddings=&#8220;,,,&#8220; rt_sp_margins=&#8220;,&#8220; rt_sp_paddings=&#8220;,,,&#8220; rt_sp_wrapper_paddings=&#8220;,,,&#8220; rt_bg_color=&#8220;&#8220; rt_bg_overlay_color=&#8220;&#8220;]<div class=\"rt-heading-wrapper rt-4879724\">\n\t\t\t\t\t\t<h1 class=\"rt-heading\" >Kontaktieren Sie uns unverbindlich!<\/h1>\n\t\t\t\t\t<\/div>[vc_column_text]Kontaktieren Sie uns gerne \u00fcber die untenstehenden Schaltfl\u00e4chen. Unser Team wird versuchen, so schnell wie m\u00f6glich auf Ihre Nachricht zu antworten.[\/vc_column_text][\/vc_column][vc_column width=&#8220;3\/5&#8243; rt_bg_effect=&#8220;classic&#8220; rt_bg_image_repeat=&#8220;repeat&#8220; rt_bg_size=&#8220;auto auto&#8220; rt_bg_position=&#8220;right top&#8220; rt_bg_attachment=&#8220;scroll&#8220; rt_class=&#8220;rt-3588598&#8243; rt_margins=&#8220;,&#8220; rt_paddings=&#8220;,,50,&#8220; rt_wrapper_paddings=&#8220;,,,&#8220; rt_tablet_margins=&#8220;,&#8220; rt_tablet_paddings=&#8220;,,,&#8220; rt_tablet_wrapper_paddings=&#8220;,,,&#8220; rt_sp_margins=&#8220;,&#8220; rt_sp_paddings=&#8220;,,,&#8220; rt_sp_wrapper_paddings=&#8220;,,,&#8220; rt_bg_color=&#8220;&#8220; rt_bg_overlay_color=&#8220;&#8220; class=&#8220;kolom-vrachtwagen&#8220;][vc_single_image image=&#8220;294&#8243; img_size=&#8220;full&#8220;][\/vc_column][\/vc_row][vc_row rt_row_background_width=&#8220;fullwidth&#8220; rt_row_content_width=&#8220;default&#8220; rt_row_style=&#8220;default-style&#8220; rt_row_height=&#8220;&#8220; rt_column_gaps=&#8220;&#8220; rt_row_shadows=&#8220;&#8220; rt_row_borders=&#8220;&#8220; rt_bg_effect=&#8220;classic&#8220; rt_bg_image_repeat=&#8220;repeat&#8220; rt_bg_size=&#8220;cover&#8220; rt_bg_position=&#8220;right top&#8220; rt_bg_attachment=&#8220;scroll&#8220; rt_bg_layer=&#8220;&#8220; rt_bg_video_format=&#8220;self-hosted&#8220; rt_class=&#8220;rt-6646115&#8243; rt_paddings=&#8220;0,100,,&#8220; rt_margins=&#8220;,,,&#8220; rt_content_margins=&#8220;,,,&#8220; rt_tablet_paddings=&#8220;,50,,&#8220; rt_tablet_margins=&#8220;,,,&#8220; rt_tablet_content_margins=&#8220;,,,&#8220; rt_sp_paddings=&#8220;,50,,&#8220; rt_sp_margins=&#8220;,,,&#8220; rt_sp_content_margins=&#8220;,,,&#8220;][vc_column width=&#8220;1\/3&#8243; rt_bg_effect=&#8220;classic&#8220; rt_bg_image_repeat=&#8220;repeat&#8220; rt_bg_size=&#8220;auto auto&#8220; rt_bg_position=&#8220;right top&#8220; rt_bg_attachment=&#8220;scroll&#8220; rt_class=&#8220;rt-5955396&#8243; class=&#8220;contact-1 achtergrond-1&#8243; rt_margins=&#8220;,&#8220; rt_paddings=&#8220;,,0,0&#8243; rt_wrapper_paddings=&#8220;,,,&#8220; rt_tablet_margins=&#8220;,&#8220; rt_tablet_paddings=&#8220;,,,&#8220; rt_tablet_wrapper_paddings=&#8220;,,,&#8220; rt_sp_margins=&#8220;,&#8220; rt_sp_paddings=&#8220;,,,&#8220; rt_sp_wrapper_paddings=&#8220;,,,&#8220; rt_bg_color=&#8220;&#8220; rt_bg_overlay_color=&#8220;&#8220;][vc_raw_html]JTNDYSUyMGhyZWYlM0QlMjJtYWlsdG8lM0Fmb3J3YXJkaW5nJTQwaGVua3Zsb3QubmwlMjIlM0UlM0NoNCUzRURpcmVrdCUyMHBlciUyMEUtTWFpbCUyMHNlbmRlbiUzQyUyRmg0JTNFJTNDcCUzRVdpciUyMGhlbGZlbiUyMElobmVuJTIwZ2VybmUlMjB3ZWl0ZXIlMjElM0MlMkZwJTNFJTNDJTJGYSUzRQ==[\/vc_raw_html][\/vc_column][vc_column width=&#8220;1\/3&#8243; rt_bg_effect=&#8220;classic&#8220; rt_bg_image_repeat=&#8220;repeat&#8220; rt_bg_size=&#8220;auto auto&#8220; rt_bg_position=&#8220;right top&#8220; rt_bg_attachment=&#8220;scroll&#8220; rt_class=&#8220;rt-2403436&#8243; class=&#8220;contact-1 achtergrond-2&#8243; rt_margins=&#8220;,&#8220; rt_paddings=&#8220;,,0,0&#8243; rt_wrapper_paddings=&#8220;,,,&#8220; rt_tablet_margins=&#8220;,&#8220; rt_tablet_paddings=&#8220;,,,&#8220; rt_tablet_wrapper_paddings=&#8220;,,,&#8220; rt_sp_margins=&#8220;,&#8220; rt_sp_paddings=&#8220;,,,&#8220; rt_sp_wrapper_paddings=&#8220;,,,&#8220; rt_bg_color=&#8220;&#8220; rt_bg_overlay_color=&#8220;&#8220;][vc_raw_html]JTNDYSUyMGhyZWYlM0QlMjJ0ZWwlM0EwNDE4NzQ1MzkwJTIyJTNFJTNDaDQlM0VBbnJ1ZiUzQyUyRmg0JTNFJTNDcCUzRUVycmVpY2hiYXIlMjB1bnRlciUzQSUyMCUyODA0MTglMjklMjA3NDUlMjAzOTAlM0MlMkZwJTNFJTNDJTJGYSUzRQ==[\/vc_raw_html][\/vc_column][vc_column width=&#8220;1\/3&#8243; rt_bg_effect=&#8220;classic&#8220; rt_bg_image_repeat=&#8220;repeat&#8220; rt_bg_size=&#8220;auto auto&#8220; rt_bg_position=&#8220;right top&#8220; rt_bg_attachment=&#8220;scroll&#8220; rt_class=&#8220;rt-6179067&#8243; class=&#8220;contact-1 achtergrond-3&#8243; rt_margins=&#8220;,&#8220; rt_paddings=&#8220;,,0,0&#8243; rt_wrapper_paddings=&#8220;,,,&#8220; rt_tablet_margins=&#8220;,&#8220; rt_tablet_paddings=&#8220;,,,&#8220; rt_tablet_wrapper_paddings=&#8220;,,,&#8220; rt_sp_margins=&#8220;,&#8220; rt_sp_paddings=&#8220;,,,&#8220; rt_sp_wrapper_paddings=&#8220;,,,&#8220; rt_bg_color=&#8220;&#8220; rt_bg_overlay_color=&#8220;&#8220;][vc_raw_html]JTNDYSUyMGhyZWYlM0QlMjIlMkZkZSUyRmZvcndhcmRpbmclMkZrb250YWt0JTJGJTIyJTNFJTNDaDQlM0VLb250YWt0JTIwRm9ybXVsYXIlM0MlMkZoNCUzRSUzQ3AlM0VVbnZlcmJpbmRsaWNoZSUyMEtvbnRha3RhdWZuYWhtZSUzQyUyRnAlM0UlM0MlMkZhJTNF[\/vc_raw_html][\/vc_column][\/vc_row]<\/p>\n","protected":false},"excerpt":{"rendered":"<p>[vc_row rt_row_background_width=&#8220;fullwidth&#8220; rt_row_content_width=&#8220;default&#8220; rt_row_style=&#8220;default-style&#8220; rt_row_height=&#8220;&#8220; rt_column_gaps=&#8220;&#8220; rt_row_shadows=&#8220;&#8220; rt_row_borders=&#8220;&#8220; rt_bg_effect=&#8220;classic&#8220; rt_bg_image_repeat=&#8220;repeat&#8220; rt_bg_size=&#8220;cover&#8220; rt_bg_position=&#8220;right top&#8220; rt_bg_attachment=&#8220;scroll&#8220; rt_bg_layer=&#8220;&#8220; rt_bg_video_format=&#8220;self-hosted&#8220; rt_class=&#8220;rt-2297164&#8243; rt_paddings=&#8220;75,50,,&#8220; rt_margins=&#8220;,,,&#8220; rt_content_margins=&#8220;,,,&#8220; rt_tablet_paddings=&#8220;,,,&#8220; rt_tablet_margins=&#8220;,,,&#8220; rt_tablet_content_margins=&#8220;,,,&#8220; rt_sp_paddings=&#8220;,,,&#8220; rt_sp_margins=&#8220;,,,&#8220; rt_sp_content_margins=&#8220;,,,&#8220;][vc_column rt_bg_effect=&#8220;classic&#8220; rt_bg_image_repeat=&#8220;repeat&#8220; rt_bg_size=&#8220;auto auto&#8220; rt_bg_position=&#8220;right top&#8220; rt_bg_attachment=&#8220;scroll&#8220;][vc_media_grid grid_id=&#8220;vc_gid:1713186275325-d4356174-b3f9-4&#8243; include=&#8220;607,608,609,610,611,612,614,613,615,616,617,618,619,620,621,622,623&#8243;][\/vc_column][\/vc_row][vc_row rt_row_background_width=&#8220;fullwidth&#8220; rt_row_content_width=&#8220;default&#8220; rt_row_style=&#8220;default-style&#8220; rt_row_height=&#8220;&#8220; rt_column_placement=&#8220;bottom&#8220; rt_column_gaps=&#8220;&#8220; rt_row_shadows=&#8220;&#8220; rt_row_borders=&#8220;&#8220; rt_bg_effect=&#8220;classic&#8220; rt_bg_image_repeat=&#8220;repeat&#8220; rt_bg_size=&#8220;cover&#8220; rt_bg_position=&#8220;right top&#8220; rt_bg_attachment=&#8220;scroll&#8220; rt_bg_layer=&#8220;&#8220; rt_bg_video_format=&#8220;self-hosted&#8220; rt_class=&#8220;rt-7627490&#8243; rt_paddings=&#8220;25,20,,&#8220; rt_margins=&#8220;,,,&#8220; rt_content_margins=&#8220;,,,&#8220; [&hellip;]<\/p>\n","protected":false},"author":1,"featured_media":0,"parent":1580,"menu_order":0,"comment_status":"closed","ping_status":"closed","template":"","meta":{"inline_featured_image":false,"footnotes":""},"class_list":["post-1614","page","type-page","status-publish","hentry"],"yoast_head":"<!-- This site is optimized with the Yoast SEO plugin v27.4 - https:\/\/yoast.com\/product\/yoast-seo-wordpress\/ -->\n<title>Fotogallerie - Henk Vlot Transport<\/title>\n<meta name=\"robots\" content=\"index, follow, max-snippet:-1, max-image-preview:large, max-video-preview:-1\" \/>\n<link rel=\"canonical\" href=\"https:\/\/www.henkvlot.nl\/de\/forwarding\/fotogallerie\/\" \/>\n<meta property=\"og:locale\" content=\"de_DE\" \/>\n<meta property=\"og:type\" content=\"article\" \/>\n<meta property=\"og:title\" content=\"Fotogallerie - Henk Vlot Transport\" \/>\n<meta property=\"og:description\" content=\"[vc_row rt_row_background_width=&#8220;fullwidth&#8220; rt_row_content_width=&#8220;default&#8220; rt_row_style=&#8220;default-style&#8220; rt_row_height=&#8220;&#8220; rt_column_gaps=&#8220;&#8220; rt_row_shadows=&#8220;&#8220; rt_row_borders=&#8220;&#8220; rt_bg_effect=&#8220;classic&#8220; rt_bg_image_repeat=&#8220;repeat&#8220; rt_bg_size=&#8220;cover&#8220; rt_bg_position=&#8220;right top&#8220; rt_bg_attachment=&#8220;scroll&#8220; rt_bg_layer=&#8220;&#8220; rt_bg_video_format=&#8220;self-hosted&#8220; rt_class=&#8220;rt-2297164&#8243; rt_paddings=&#8220;75,50,,&#8220; rt_margins=&#8220;,,,&#8220; rt_content_margins=&#8220;,,,&#8220; rt_tablet_paddings=&#8220;,,,&#8220; rt_tablet_margins=&#8220;,,,&#8220; rt_tablet_content_margins=&#8220;,,,&#8220; rt_sp_paddings=&#8220;,,,&#8220; rt_sp_margins=&#8220;,,,&#8220; rt_sp_content_margins=&#8220;,,,&#8220;][vc_column rt_bg_effect=&#8220;classic&#8220; rt_bg_image_repeat=&#8220;repeat&#8220; rt_bg_size=&#8220;auto auto&#8220; rt_bg_position=&#8220;right top&#8220; rt_bg_attachment=&#8220;scroll&#8220;][vc_media_grid grid_id=&#8220;vc_gid:1713186275325-d4356174-b3f9-4&#8243; include=&#8220;607,608,609,610,611,612,614,613,615,616,617,618,619,620,621,622,623&#8243;][\/vc_column][\/vc_row][vc_row rt_row_background_width=&#8220;fullwidth&#8220; rt_row_content_width=&#8220;default&#8220; rt_row_style=&#8220;default-style&#8220; rt_row_height=&#8220;&#8220; rt_column_placement=&#8220;bottom&#8220; rt_column_gaps=&#8220;&#8220; rt_row_shadows=&#8220;&#8220; rt_row_borders=&#8220;&#8220; rt_bg_effect=&#8220;classic&#8220; rt_bg_image_repeat=&#8220;repeat&#8220; rt_bg_size=&#8220;cover&#8220; rt_bg_position=&#8220;right top&#8220; rt_bg_attachment=&#8220;scroll&#8220; rt_bg_layer=&#8220;&#8220; rt_bg_video_format=&#8220;self-hosted&#8220; rt_class=&#8220;rt-7627490&#8243; rt_paddings=&#8220;25,20,,&#8220; rt_margins=&#8220;,,,&#8220; rt_content_margins=&#8220;,,,&#8220; [&hellip;]\" \/>\n<meta property=\"og:url\" content=\"https:\/\/www.henkvlot.nl\/de\/forwarding\/fotogallerie\/\" \/>\n<meta property=\"og:site_name\" content=\"Henk Vlot Transport\" \/>\n<meta property=\"article:modified_time\" content=\"2024-04-15T13:05:05+00:00\" \/>\n<meta name=\"twitter:card\" content=\"summary_large_image\" \/>\n<meta name=\"twitter:label1\" content=\"Gesch\u00e4tzte Lesezeit\" \/>\n\t<meta name=\"twitter:data1\" content=\"2\u00a0Minuten\" \/>\n<script type=\"application\/ld+json\" class=\"yoast-schema-graph\">{\"@context\":\"https:\\\/\\\/schema.org\",\"@graph\":[{\"@type\":\"WebPage\",\"@id\":\"https:\\\/\\\/www.henkvlot.nl\\\/de\\\/forwarding\\\/fotogallerie\\\/\",\"url\":\"https:\\\/\\\/www.henkvlot.nl\\\/de\\\/forwarding\\\/fotogallerie\\\/\",\"name\":\"Fotogallerie - Henk Vlot Transport\",\"isPartOf\":{\"@id\":\"https:\\\/\\\/www.henkvlot.nl\\\/#website\"},\"datePublished\":\"2023-06-12T07:17:04+00:00\",\"dateModified\":\"2024-04-15T13:05:05+00:00\",\"breadcrumb\":{\"@id\":\"https:\\\/\\\/www.henkvlot.nl\\\/de\\\/forwarding\\\/fotogallerie\\\/#breadcrumb\"},\"inLanguage\":\"de\",\"potentialAction\":[{\"@type\":\"ReadAction\",\"target\":[\"https:\\\/\\\/www.henkvlot.nl\\\/de\\\/forwarding\\\/fotogallerie\\\/\"]}]},{\"@type\":\"BreadcrumbList\",\"@id\":\"https:\\\/\\\/www.henkvlot.nl\\\/de\\\/forwarding\\\/fotogallerie\\\/#breadcrumb\",\"itemListElement\":[{\"@type\":\"ListItem\",\"position\":1,\"name\":\"Home\",\"item\":\"https:\\\/\\\/www.henkvlot.nl\\\/de\\\/\"},{\"@type\":\"ListItem\",\"position\":2,\"name\":\"Forwarding\",\"item\":\"https:\\\/\\\/www.henkvlot.nl\\\/de\\\/forwarding\\\/\"},{\"@type\":\"ListItem\",\"position\":3,\"name\":\"Fotogallerie\"}]},{\"@type\":\"WebSite\",\"@id\":\"https:\\\/\\\/www.henkvlot.nl\\\/#website\",\"url\":\"https:\\\/\\\/www.henkvlot.nl\\\/\",\"name\":\"Henk Vlot Transport\",\"description\":\"\",\"potentialAction\":[{\"@type\":\"SearchAction\",\"target\":{\"@type\":\"EntryPoint\",\"urlTemplate\":\"https:\\\/\\\/www.henkvlot.nl\\\/?s={search_term_string}\"},\"query-input\":{\"@type\":\"PropertyValueSpecification\",\"valueRequired\":true,\"valueName\":\"search_term_string\"}}],\"inLanguage\":\"de\"}]}<\/script>\n<!-- \/ Yoast SEO plugin. -->","yoast_head_json":{"title":"Fotogallerie - Henk Vlot Transport","robots":{"index":"index","follow":"follow","max-snippet":"max-snippet:-1","max-image-preview":"max-image-preview:large","max-video-preview":"max-video-preview:-1"},"canonical":"https:\/\/www.henkvlot.nl\/de\/forwarding\/fotogallerie\/","og_locale":"de_DE","og_type":"article","og_title":"Fotogallerie - Henk Vlot Transport","og_description":"[vc_row rt_row_background_width=&#8220;fullwidth&#8220; rt_row_content_width=&#8220;default&#8220; rt_row_style=&#8220;default-style&#8220; rt_row_height=&#8220;&#8220; rt_column_gaps=&#8220;&#8220; rt_row_shadows=&#8220;&#8220; rt_row_borders=&#8220;&#8220; rt_bg_effect=&#8220;classic&#8220; rt_bg_image_repeat=&#8220;repeat&#8220; rt_bg_size=&#8220;cover&#8220; rt_bg_position=&#8220;right top&#8220; rt_bg_attachment=&#8220;scroll&#8220; rt_bg_layer=&#8220;&#8220; rt_bg_video_format=&#8220;self-hosted&#8220; rt_class=&#8220;rt-2297164&#8243; rt_paddings=&#8220;75,50,,&#8220; rt_margins=&#8220;,,,&#8220; rt_content_margins=&#8220;,,,&#8220; rt_tablet_paddings=&#8220;,,,&#8220; rt_tablet_margins=&#8220;,,,&#8220; rt_tablet_content_margins=&#8220;,,,&#8220; rt_sp_paddings=&#8220;,,,&#8220; rt_sp_margins=&#8220;,,,&#8220; rt_sp_content_margins=&#8220;,,,&#8220;][vc_column rt_bg_effect=&#8220;classic&#8220; rt_bg_image_repeat=&#8220;repeat&#8220; rt_bg_size=&#8220;auto auto&#8220; rt_bg_position=&#8220;right top&#8220; rt_bg_attachment=&#8220;scroll&#8220;][vc_media_grid grid_id=&#8220;vc_gid:1713186275325-d4356174-b3f9-4&#8243; include=&#8220;607,608,609,610,611,612,614,613,615,616,617,618,619,620,621,622,623&#8243;][\/vc_column][\/vc_row][vc_row rt_row_background_width=&#8220;fullwidth&#8220; rt_row_content_width=&#8220;default&#8220; rt_row_style=&#8220;default-style&#8220; rt_row_height=&#8220;&#8220; rt_column_placement=&#8220;bottom&#8220; rt_column_gaps=&#8220;&#8220; rt_row_shadows=&#8220;&#8220; rt_row_borders=&#8220;&#8220; rt_bg_effect=&#8220;classic&#8220; rt_bg_image_repeat=&#8220;repeat&#8220; rt_bg_size=&#8220;cover&#8220; rt_bg_position=&#8220;right top&#8220; rt_bg_attachment=&#8220;scroll&#8220; rt_bg_layer=&#8220;&#8220; rt_bg_video_format=&#8220;self-hosted&#8220; rt_class=&#8220;rt-7627490&#8243; rt_paddings=&#8220;25,20,,&#8220; rt_margins=&#8220;,,,&#8220; rt_content_margins=&#8220;,,,&#8220; [&hellip;]","og_url":"https:\/\/www.henkvlot.nl\/de\/forwarding\/fotogallerie\/","og_site_name":"Henk Vlot Transport","article_modified_time":"2024-04-15T13:05:05+00:00","twitter_card":"summary_large_image","twitter_misc":{"Gesch\u00e4tzte Lesezeit":"2\u00a0Minuten"},"schema":{"@context":"https:\/\/schema.org","@graph":[{"@type":"WebPage","@id":"https:\/\/www.henkvlot.nl\/de\/forwarding\/fotogallerie\/","url":"https:\/\/www.henkvlot.nl\/de\/forwarding\/fotogallerie\/","name":"Fotogallerie - Henk Vlot Transport","isPartOf":{"@id":"https:\/\/www.henkvlot.nl\/#website"},"datePublished":"2023-06-12T07:17:04+00:00","dateModified":"2024-04-15T13:05:05+00:00","breadcrumb":{"@id":"https:\/\/www.henkvlot.nl\/de\/forwarding\/fotogallerie\/#breadcrumb"},"inLanguage":"de","potentialAction":[{"@type":"ReadAction","target":["https:\/\/www.henkvlot.nl\/de\/forwarding\/fotogallerie\/"]}]},{"@type":"BreadcrumbList","@id":"https:\/\/www.henkvlot.nl\/de\/forwarding\/fotogallerie\/#breadcrumb","itemListElement":[{"@type":"ListItem","position":1,"name":"Home","item":"https:\/\/www.henkvlot.nl\/de\/"},{"@type":"ListItem","position":2,"name":"Forwarding","item":"https:\/\/www.henkvlot.nl\/de\/forwarding\/"},{"@type":"ListItem","position":3,"name":"Fotogallerie"}]},{"@type":"WebSite","@id":"https:\/\/www.henkvlot.nl\/#website","url":"https:\/\/www.henkvlot.nl\/","name":"Henk Vlot Transport","description":"","potentialAction":[{"@type":"SearchAction","target":{"@type":"EntryPoint","urlTemplate":"https:\/\/www.henkvlot.nl\/?s={search_term_string}"},"query-input":{"@type":"PropertyValueSpecification","valueRequired":true,"valueName":"search_term_string"}}],"inLanguage":"de"}]}},"_links":{"self":[{"href":"https:\/\/www.henkvlot.nl\/de\/wp-json\/wp\/v2\/pages\/1614","targetHints":{"allow":["GET"]}}],"collection":[{"href":"https:\/\/www.henkvlot.nl\/de\/wp-json\/wp\/v2\/pages"}],"about":[{"href":"https:\/\/www.henkvlot.nl\/de\/wp-json\/wp\/v2\/types\/page"}],"author":[{"embeddable":true,"href":"https:\/\/www.henkvlot.nl\/de\/wp-json\/wp\/v2\/users\/1"}],"replies":[{"embeddable":true,"href":"https:\/\/www.henkvlot.nl\/de\/wp-json\/wp\/v2\/comments?post=1614"}],"version-history":[{"count":3,"href":"https:\/\/www.henkvlot.nl\/de\/wp-json\/wp\/v2\/pages\/1614\/revisions"}],"predecessor-version":[{"id":1709,"href":"https:\/\/www.henkvlot.nl\/de\/wp-json\/wp\/v2\/pages\/1614\/revisions\/1709"}],"up":[{"embeddable":true,"href":"https:\/\/www.henkvlot.nl\/de\/wp-json\/wp\/v2\/pages\/1580"}],"wp:attachment":[{"href":"https:\/\/www.henkvlot.nl\/de\/wp-json\/wp\/v2\/media?parent=1614"}],"curies":[{"name":"wp","href":"https:\/\/api.w.org\/{rel}","templated":true}]}}