{"id":1631,"date":"2023-03-03T13:58:02","date_gmt":"2023-03-03T13:58:02","guid":{"rendered":"https:\/\/www.henkvlot.nl\/privacyverklaring\/"},"modified":"2024-04-15T12:57:03","modified_gmt":"2024-04-15T12:57:03","slug":"datenschutzbedingungen","status":"publish","type":"page","link":"https:\/\/www.henkvlot.nl\/de\/datenschutzbedingungen\/","title":{"rendered":"Datenschutzbedingungen"},"content":{"rendered":"<p>[vc_row rt_row_background_width=&#8220;fullwidth&#8220; rt_row_content_width=&#8220;default&#8220; rt_row_style=&#8220;default-style&#8220; rt_row_height=&#8220;&#8220; rt_column_gaps=&#8220;&#8220; rt_row_shadows=&#8220;&#8220; rt_row_borders=&#8220;&#8220; rt_bg_effect=&#8220;classic&#8220; rt_bg_image_repeat=&#8220;repeat&#8220; rt_bg_size=&#8220;cover&#8220; rt_bg_position=&#8220;right top&#8220; rt_bg_attachment=&#8220;scroll&#8220; rt_bg_layer=&#8220;&#8220; rt_bg_video_format=&#8220;self-hosted&#8220; rt_class=&#8220;rt-7482910&#8243; rt_paddings=&#8220;50,75,,&#8220; rt_margins=&#8220;,,,&#8220; rt_content_margins=&#8220;,,,&#8220; rt_tablet_paddings=&#8220;,,,&#8220; rt_tablet_margins=&#8220;,,,&#8220; rt_tablet_content_margins=&#8220;,,,&#8220; rt_sp_paddings=&#8220;,,,&#8220; rt_sp_margins=&#8220;,,,&#8220; rt_sp_content_margins=&#8220;,,,&#8220;][vc_column rt_bg_effect=&#8220;classic&#8220; rt_bg_image_repeat=&#8220;repeat&#8220; rt_bg_size=&#8220;auto auto&#8220; rt_bg_position=&#8220;right top&#8220; rt_bg_attachment=&#8220;scroll&#8220;][vc_column_text]<\/p>\n<h3><strong>EINF\u00dcHRUNG<\/strong><\/h3>\n<p>Henk Vlot B.V. verarbeitet personenbezogene Daten seiner Kunden, Interessenten und sonstigen Ansprechpartner. Wir tun dies, um jede Vereinbarung ausf\u00fchren zu k\u00f6nnen. In dieser Datenschutzerkl\u00e4rung erl\u00e4utern wir, warum und wie wir Ihre personenbezogenen Daten verarbeiten.<\/p>\n<p>Wir besch\u00e4ftigen keinen Datenschutzbeauftragten, helfen Ihnen jedoch gerne bei Fragen zu unserer Datenschutzrichtlinie unter Planning@henkvlot.nl weiter<\/p>\n<h3><strong>Welche personenbezogenen Daten verarbeitet Henk Vlot B.V.?<\/strong><\/h3>\n<p>Nachfolgend finden Sie eine \u00dcbersicht \u00fcber die personenbezogenen Daten, die wir je nach den von Ihnen erworbenen oder genutzten Produkten oder Dienstleistungen verarbeiten k\u00f6nnen:<\/p>\n<ul>\n<li>Vor-und Nachname<\/li>\n<li>Adresse<\/li>\n<li>Residenz<\/li>\n<li>Telefonnummer<\/li>\n<li>E-Mail-Adresse<\/li>\n<li>Name der Firma<\/li>\n<li>Angaben zur Firmenadresse<\/li>\n<li>Standortdaten<\/li>\n<li>Umsatzsteuer-Identifikationsnummer<\/li>\n<li>Kontakthistorie<\/li>\n<\/ul>\n<p>Weitere personenbezogene Daten, die Sie uns aktiv mitteilen, beispielsweise bei der Registrierung auf unserer Website, im Schriftverkehr und am Telefon<\/p>\n<ul>\n<li>Rechtliche Anforderungen<\/li>\n<\/ul>\n<p>Ein kleiner Teil unserer Verarbeitung ist gesetzlich vorgeschrieben. Dabei handelt es sich vor allem um personenbezogene Daten, die zur Erf\u00fcllung unserer steuerrechtlichen Pflichten erforderlich sind.<\/p>\n<ul>\n<li>Newsletter und Mailings<\/li>\n<\/ul>\n<p>Gelegentlich versenden wir Newsletter und\/oder Mailings. Manchmal sind diese personalisiert, basierend auf bestimmten von Ihnen durchgef\u00fchrten Aktionen oder Produkten und\/oder Dienstleistungen, die Sie bei uns kaufen. Sie haben jederzeit die M\u00f6glichkeit, Ihre Pr\u00e4ferenzen f\u00fcr den Erhalt von Newslettern und Mailings anzupassen.<\/p>\n<h3><strong>Automatisierte Entscheidungsfindung<\/strong><\/h3>\n<p>Henk Vlot B.V. trifft keine Entscheidungen auf der Grundlage automatisierter Verarbeitung (Algorithmen), die nachteilige Folgen f\u00fcr Sie haben k\u00f6nnten.<\/p>\n<h3><strong>Rechte der betroffenen Personen<\/strong><\/h3>\n<p>Nach der DSGVO hat jeder eine Reihe von Rechten. Wir tun unser M\u00f6glichstes, um dieser bestm\u00f6glich nachzukommen. Haben Sie Tipps oder Kommentare? Lass uns wissen! Um Ihre Rechte auszu\u00fcben, k\u00f6nnen Sie uns unter Planning@henkvlot.nl kontaktieren<\/p>\n<ul>\n<li><strong>Auskunft und Einsicht:<\/strong> Sie k\u00f6nnen selbstverst\u00e4ndlich einsehen, welche personenbezogenen Daten wir \u00fcber Sie verarbeiten. Wir m\u00f6chten Ihnen gerne mehr dar\u00fcber erz\u00e4hlen, wie und warum wir diese Daten verarbeiten.<\/li>\n<li><strong>Korrektur:<\/strong> Haben Sie das Gef\u00fchl, dass wir falsche Informationen \u00fcber Sie haben? Bitte lassen Sie es uns wissen und wir werden es anpassen.<\/li>\n<li><strong>Vergessen: <\/strong>Sie k\u00f6nnen die pers\u00f6nlichen Daten, die wir \u00fcber Sie haben, l\u00f6schen. M\u00f6glicherweise m\u00fcssen wir diese Daten dennoch f\u00fcr andere Zwecke verarbeiten (z. B. Verwaltung oder Deduplizierung).<\/li>\n<li><strong>Einschr\u00e4nkung:<\/strong> Wenn Sie der Meinung sind, dass wir Ihre personenbezogenen Daten unrechtm\u00e4\u00dfig oder falsch verarbeiten, k\u00f6nnen Sie auch eine Einschr\u00e4nkung der Verarbeitung veranlassen.<\/li>\n<li><strong>Widerspruch: <\/strong>Sie k\u00f6nnen gegen die Verarbeitung Ihrer personenbezogenen Daten Widerspruch einlegen. Geht es um Marketing? Wir werden diese Verarbeitung dann schnellstm\u00f6glich beenden.<\/li>\n<li><strong>Portabilit\u00e4t:<\/strong> Dies ist ein neues Recht im Rahmen der DSGVO, Ihre personenbezogenen Daten zu \u00fcbertragen. Wenn Sie davon Gebrauch machen m\u00f6chten, kontaktieren Sie uns bitte.<\/li>\n<\/ul>\n<p>Dar\u00fcber hinaus k\u00f6nnen Sie auch:<\/p>\n<ul>\n<li>Einwilligung widerrufen: zum Beispiel zum Erhalt von E-Mails. Wenn Sie Ihre Einwilligung zu einer anderen Verarbeitung widerrufen m\u00f6chten, k\u00f6nnen Sie uns kontaktieren. Dies kann \u00fcber Planning@henkvlot.nl erfolgen<\/li>\n<li>Reichen Sie eine Beschwerde bei der niederl\u00e4ndischen Datenschutzbeh\u00f6rde (AP) ein: Glauben Sie, dass wir nicht im Einklang mit den Datenschutzgesetzen handeln? Dann w\u00fcrden wir das nat\u00fcrlich gerne h\u00f6ren. Sie k\u00f6nnen diesbez\u00fcglich auch nach dem 25. Mai 2018 eine Beschwerde bei der AP einreichen.<\/li>\n<\/ul>\n<h3><strong>Wie lange bewahren wir Ihre personenbezogenen Daten auf?<\/strong><\/h3>\n<p>Personenbezogene Daten d\u00fcrfen nicht l\u00e4nger als n\u00f6tig aufbewahrt werden. Die Dauer der Aufbewahrung richtet sich nach dem Zweck, zu dem wir die Daten erhalten oder erhoben haben, sowie nach etwaigen gesetzlichen Aufbewahrungspflichten.<\/p>\n<p>Wenn Sie ein Angebot von uns angefordert haben, aber nicht unser Kunde geworden sind, l\u00f6schen wir Ihre Daten sp\u00e4testens zwei Jahre nach unserem letzten Kontakt. Auch wenn wir ein Angebot von Ihnen erhalten haben, wir aber nicht Ihr Kunde geworden sind, werden Ihre personenbezogenen Daten sp\u00e4testens zwei Jahre nach unserem letzten Kontakt gel\u00f6scht. Wenn Sie Kunde von uns geworden sind oder wir Kunde von Ihnen geworden sind, speichern wir Ihre personenbezogenen Daten f\u00fcr die Dauer von sieben Jahren nach Ablauf des Gesch\u00e4ftsjahres, in dem der Vertrag mit Ihnen vollst\u00e4ndig abgewickelt wurde. Der Zeitraum von sieben Jahren entspricht dem Zeitraum, innerhalb dessen wir verpflichtet sind, unsere Verwaltung gegen\u00fcber dem Finanzamt aufzubewahren. Nach Ablauf dieser Frist l\u00f6schen wir Ihre personenbezogenen Daten.<\/p>\n<h3><strong>Grundlage der Verarbeitung:<\/strong><\/h3>\n<p>Wie oben erl\u00e4utert, verarbeiten wir einige Daten zur Erf\u00fcllung einer rechtlichen Verpflichtung, einige zur Erf\u00fcllung eines Vertrags und die meisten zur Wahrnehmung des berechtigten Interesses von Henk Vlot B.V.: der Umsetzung unserer Ziele. Wenn Sie mehr \u00fcber die von uns vorgenommene Beurteilung des berechtigten Interesses erfahren m\u00f6chten, kontaktieren Sie uns bitte.<\/p>\n<h3><strong>Weitergabe an Dritte<\/strong><\/h3>\n<p>Im Zusammenhang mit der Ausf\u00fchrung einer Vereinbarung mit Ihnen m\u00fcssen wir Ihre personenbezogenen Daten m\u00f6glicherweise an Parteien weitergeben, die Produkte und\/oder Dienstleistungen an uns oder in unserem Unternehmen liefern.<\/p>\n<h3><strong>Wie Henk Vlot B.V. Ihre pers\u00f6nlichen Daten sch\u00fctzt<\/strong><\/h3>\n<p>Wir nehmen den Schutz Ihrer Daten ernst und ergreifen geeignete Ma\u00dfnahmen, um Missbrauch, Verlust, unbefugten Zugriff, unerw\u00fcnschte Offenlegung und unbefugte \u00c4nderung zu verhindern. Wenn Sie der Meinung sind, dass Ihre Daten nicht ordnungsgem\u00e4\u00df gesch\u00fctzt sind oder Hinweise auf Missbrauch vorliegen, kontaktieren Sie uns bitte unter Planning@henkvlot.nl.<\/p>\n<p>Wir haben die folgenden Ma\u00dfnahmen zum Schutz Ihrer personenbezogenen Daten ergriffen:<\/p>\n<ul>\n<li>Die von unseren Mitarbeitern genutzten Server und Ger\u00e4te sind mit aktueller Sicherheitssoftware wie Antivirenscannern und Firewalls ausgestattet.<\/li>\n<li>Wir \u00fcbermitteln Ihre Daten ausschlie\u00dflich \u00fcber sichere Internetverbindungen (SSL). Sie erkennen dies daran, dass in der Adresszeile \u201ehttps\u201c angezeigt wird und an dem Schloss-Symbol.<\/li>\n<li>Der Zugriff auf personenbezogene Daten von mobilen Ger\u00e4ten ist eingeschr\u00e4nkt und wird aktiv \u00fcberwacht.<\/li>\n<\/ul>\n<p>DKIM sind Internetstandards, die wir verwenden, um zu verhindern, dass Sie in unserem Namen E-Mails erhalten, die Viren oder Spam enthalten oder dazu dienen, pers\u00f6nliche Anmeldeinformationen zu erhalten.<\/p>\n<h3><strong>Cookie-Richtlinie<\/strong><\/h3>\n<p>Arten von Cookies, die auf der Website von Henk Vlot B.V. verwendet werden:<\/p>\n<ol>\n<li><strong>Funktionelle Cookies<\/strong><\/li>\n<\/ol>\n<p>Hierbei handelt es sich um Cookies, die notwendig sind, um das ordnungsgem\u00e4\u00dfe Funktionieren der Website sicherzustellen oder Ihnen die Nutzung der Website zu erleichtern. Dazu geh\u00f6rt auch die Speicherung Ihrer Anmeldeinformationen, damit Sie sich nicht jedes Mal neu anmelden m\u00fcssen. Auch das Speichern des Inhalts Ihres Warenkorbs oder das Schlie\u00dfen der Cookie-Benachrichtigung gelten als funktionale Cookies.<\/p>\n<ol start=\"2\">\n<li><strong>Analytische Cookies<\/strong><\/li>\n<\/ol>\n<p>Hierbei handelt es sich um Cookies, die eingesetzt werden, um das Verhalten der Besucher auf dieser Website zu messen und somit zu analysieren. Wir nutzen diese Informationen, um die Website so optimal wie m\u00f6glich zu gestalten. Bei dieser Funktion werden keine personenbezogenen oder datenschutzrelevanten Daten gespeichert.[\/vc_column_text][\/vc_column][\/vc_row]<\/p>\n","protected":false},"excerpt":{"rendered":"<p>[vc_row rt_row_background_width=&#8220;fullwidth&#8220; rt_row_content_width=&#8220;default&#8220; rt_row_style=&#8220;default-style&#8220; rt_row_height=&#8220;&#8220; rt_column_gaps=&#8220;&#8220; rt_row_shadows=&#8220;&#8220; rt_row_borders=&#8220;&#8220; rt_bg_effect=&#8220;classic&#8220; rt_bg_image_repeat=&#8220;repeat&#8220; rt_bg_size=&#8220;cover&#8220; rt_bg_position=&#8220;right top&#8220; rt_bg_attachment=&#8220;scroll&#8220; rt_bg_layer=&#8220;&#8220; rt_bg_video_format=&#8220;self-hosted&#8220; rt_class=&#8220;rt-7482910&#8243; rt_paddings=&#8220;50,75,,&#8220; rt_margins=&#8220;,,,&#8220; rt_content_margins=&#8220;,,,&#8220; rt_tablet_paddings=&#8220;,,,&#8220; rt_tablet_margins=&#8220;,,,&#8220; rt_tablet_content_margins=&#8220;,,,&#8220; rt_sp_paddings=&#8220;,,,&#8220; rt_sp_margins=&#8220;,,,&#8220; rt_sp_content_margins=&#8220;,,,&#8220;][vc_column rt_bg_effect=&#8220;classic&#8220; rt_bg_image_repeat=&#8220;repeat&#8220; rt_bg_size=&#8220;auto auto&#8220; rt_bg_position=&#8220;right top&#8220; rt_bg_attachment=&#8220;scroll&#8220;][vc_column_text] EINF\u00dcHRUNG Henk Vlot B.V. verarbeitet personenbezogene Daten seiner Kunden, Interessenten und sonstigen Ansprechpartner. Wir tun dies, um jede Vereinbarung ausf\u00fchren zu k\u00f6nnen. [&hellip;]<\/p>\n","protected":false},"author":1,"featured_media":0,"parent":0,"menu_order":0,"comment_status":"closed","ping_status":"closed","template":"","meta":{"inline_featured_image":false,"footnotes":""},"class_list":["post-1631","page","type-page","status-publish","hentry"],"yoast_head":"<!-- This site is optimized with the Yoast SEO plugin v27.4 - https:\/\/yoast.com\/product\/yoast-seo-wordpress\/ -->\n<title>Datenschutzbedingungen - Henk Vlot Transport<\/title>\n<meta name=\"robots\" content=\"index, follow, max-snippet:-1, max-image-preview:large, max-video-preview:-1\" \/>\n<link rel=\"canonical\" href=\"https:\/\/www.henkvlot.nl\/de\/datenschutzbedingungen\/\" \/>\n<meta property=\"og:locale\" content=\"de_DE\" \/>\n<meta property=\"og:type\" content=\"article\" \/>\n<meta property=\"og:title\" content=\"Datenschutzbedingungen - Henk Vlot Transport\" \/>\n<meta property=\"og:description\" content=\"[vc_row rt_row_background_width=&#8220;fullwidth&#8220; rt_row_content_width=&#8220;default&#8220; rt_row_style=&#8220;default-style&#8220; rt_row_height=&#8220;&#8220; rt_column_gaps=&#8220;&#8220; rt_row_shadows=&#8220;&#8220; rt_row_borders=&#8220;&#8220; rt_bg_effect=&#8220;classic&#8220; rt_bg_image_repeat=&#8220;repeat&#8220; rt_bg_size=&#8220;cover&#8220; rt_bg_position=&#8220;right top&#8220; rt_bg_attachment=&#8220;scroll&#8220; rt_bg_layer=&#8220;&#8220; rt_bg_video_format=&#8220;self-hosted&#8220; rt_class=&#8220;rt-7482910&#8243; rt_paddings=&#8220;50,75,,&#8220; rt_margins=&#8220;,,,&#8220; rt_content_margins=&#8220;,,,&#8220; rt_tablet_paddings=&#8220;,,,&#8220; rt_tablet_margins=&#8220;,,,&#8220; rt_tablet_content_margins=&#8220;,,,&#8220; rt_sp_paddings=&#8220;,,,&#8220; rt_sp_margins=&#8220;,,,&#8220; rt_sp_content_margins=&#8220;,,,&#8220;][vc_column rt_bg_effect=&#8220;classic&#8220; rt_bg_image_repeat=&#8220;repeat&#8220; rt_bg_size=&#8220;auto auto&#8220; rt_bg_position=&#8220;right top&#8220; rt_bg_attachment=&#8220;scroll&#8220;][vc_column_text] EINF\u00dcHRUNG Henk Vlot B.V. verarbeitet personenbezogene Daten seiner Kunden, Interessenten und sonstigen Ansprechpartner. Wir tun dies, um jede Vereinbarung ausf\u00fchren zu k\u00f6nnen. [&hellip;]\" \/>\n<meta property=\"og:url\" content=\"https:\/\/www.henkvlot.nl\/de\/datenschutzbedingungen\/\" \/>\n<meta property=\"og:site_name\" content=\"Henk Vlot Transport\" \/>\n<meta property=\"article:modified_time\" content=\"2024-04-15T12:57:03+00:00\" \/>\n<meta name=\"twitter:card\" content=\"summary_large_image\" \/>\n<meta name=\"twitter:label1\" content=\"Gesch\u00e4tzte Lesezeit\" \/>\n\t<meta name=\"twitter:data1\" content=\"6\u00a0Minuten\" \/>\n<script type=\"application\/ld+json\" class=\"yoast-schema-graph\">{\"@context\":\"https:\\\/\\\/schema.org\",\"@graph\":[{\"@type\":\"WebPage\",\"@id\":\"https:\\\/\\\/www.henkvlot.nl\\\/de\\\/datenschutzbedingungen\\\/\",\"url\":\"https:\\\/\\\/www.henkvlot.nl\\\/de\\\/datenschutzbedingungen\\\/\",\"name\":\"Datenschutzbedingungen - Henk Vlot Transport\",\"isPartOf\":{\"@id\":\"https:\\\/\\\/www.henkvlot.nl\\\/#website\"},\"datePublished\":\"2023-03-03T13:58:02+00:00\",\"dateModified\":\"2024-04-15T12:57:03+00:00\",\"breadcrumb\":{\"@id\":\"https:\\\/\\\/www.henkvlot.nl\\\/de\\\/datenschutzbedingungen\\\/#breadcrumb\"},\"inLanguage\":\"de\",\"potentialAction\":[{\"@type\":\"ReadAction\",\"target\":[\"https:\\\/\\\/www.henkvlot.nl\\\/de\\\/datenschutzbedingungen\\\/\"]}]},{\"@type\":\"BreadcrumbList\",\"@id\":\"https:\\\/\\\/www.henkvlot.nl\\\/de\\\/datenschutzbedingungen\\\/#breadcrumb\",\"itemListElement\":[{\"@type\":\"ListItem\",\"position\":1,\"name\":\"Home\",\"item\":\"https:\\\/\\\/www.henkvlot.nl\\\/de\\\/\"},{\"@type\":\"ListItem\",\"position\":2,\"name\":\"Datenschutzbedingungen\"}]},{\"@type\":\"WebSite\",\"@id\":\"https:\\\/\\\/www.henkvlot.nl\\\/#website\",\"url\":\"https:\\\/\\\/www.henkvlot.nl\\\/\",\"name\":\"Henk Vlot Transport\",\"description\":\"\",\"potentialAction\":[{\"@type\":\"SearchAction\",\"target\":{\"@type\":\"EntryPoint\",\"urlTemplate\":\"https:\\\/\\\/www.henkvlot.nl\\\/?s={search_term_string}\"},\"query-input\":{\"@type\":\"PropertyValueSpecification\",\"valueRequired\":true,\"valueName\":\"search_term_string\"}}],\"inLanguage\":\"de\"}]}<\/script>\n<!-- \/ Yoast SEO plugin. -->","yoast_head_json":{"title":"Datenschutzbedingungen - Henk Vlot Transport","robots":{"index":"index","follow":"follow","max-snippet":"max-snippet:-1","max-image-preview":"max-image-preview:large","max-video-preview":"max-video-preview:-1"},"canonical":"https:\/\/www.henkvlot.nl\/de\/datenschutzbedingungen\/","og_locale":"de_DE","og_type":"article","og_title":"Datenschutzbedingungen - Henk Vlot Transport","og_description":"[vc_row rt_row_background_width=&#8220;fullwidth&#8220; rt_row_content_width=&#8220;default&#8220; rt_row_style=&#8220;default-style&#8220; rt_row_height=&#8220;&#8220; rt_column_gaps=&#8220;&#8220; rt_row_shadows=&#8220;&#8220; rt_row_borders=&#8220;&#8220; rt_bg_effect=&#8220;classic&#8220; rt_bg_image_repeat=&#8220;repeat&#8220; rt_bg_size=&#8220;cover&#8220; rt_bg_position=&#8220;right top&#8220; rt_bg_attachment=&#8220;scroll&#8220; rt_bg_layer=&#8220;&#8220; rt_bg_video_format=&#8220;self-hosted&#8220; rt_class=&#8220;rt-7482910&#8243; rt_paddings=&#8220;50,75,,&#8220; rt_margins=&#8220;,,,&#8220; rt_content_margins=&#8220;,,,&#8220; rt_tablet_paddings=&#8220;,,,&#8220; rt_tablet_margins=&#8220;,,,&#8220; rt_tablet_content_margins=&#8220;,,,&#8220; rt_sp_paddings=&#8220;,,,&#8220; rt_sp_margins=&#8220;,,,&#8220; rt_sp_content_margins=&#8220;,,,&#8220;][vc_column rt_bg_effect=&#8220;classic&#8220; rt_bg_image_repeat=&#8220;repeat&#8220; rt_bg_size=&#8220;auto auto&#8220; rt_bg_position=&#8220;right top&#8220; rt_bg_attachment=&#8220;scroll&#8220;][vc_column_text] EINF\u00dcHRUNG Henk Vlot B.V. verarbeitet personenbezogene Daten seiner Kunden, Interessenten und sonstigen Ansprechpartner. Wir tun dies, um jede Vereinbarung ausf\u00fchren zu k\u00f6nnen. [&hellip;]","og_url":"https:\/\/www.henkvlot.nl\/de\/datenschutzbedingungen\/","og_site_name":"Henk Vlot Transport","article_modified_time":"2024-04-15T12:57:03+00:00","twitter_card":"summary_large_image","twitter_misc":{"Gesch\u00e4tzte Lesezeit":"6\u00a0Minuten"},"schema":{"@context":"https:\/\/schema.org","@graph":[{"@type":"WebPage","@id":"https:\/\/www.henkvlot.nl\/de\/datenschutzbedingungen\/","url":"https:\/\/www.henkvlot.nl\/de\/datenschutzbedingungen\/","name":"Datenschutzbedingungen - Henk Vlot Transport","isPartOf":{"@id":"https:\/\/www.henkvlot.nl\/#website"},"datePublished":"2023-03-03T13:58:02+00:00","dateModified":"2024-04-15T12:57:03+00:00","breadcrumb":{"@id":"https:\/\/www.henkvlot.nl\/de\/datenschutzbedingungen\/#breadcrumb"},"inLanguage":"de","potentialAction":[{"@type":"ReadAction","target":["https:\/\/www.henkvlot.nl\/de\/datenschutzbedingungen\/"]}]},{"@type":"BreadcrumbList","@id":"https:\/\/www.henkvlot.nl\/de\/datenschutzbedingungen\/#breadcrumb","itemListElement":[{"@type":"ListItem","position":1,"name":"Home","item":"https:\/\/www.henkvlot.nl\/de\/"},{"@type":"ListItem","position":2,"name":"Datenschutzbedingungen"}]},{"@type":"WebSite","@id":"https:\/\/www.henkvlot.nl\/#website","url":"https:\/\/www.henkvlot.nl\/","name":"Henk Vlot Transport","description":"","potentialAction":[{"@type":"SearchAction","target":{"@type":"EntryPoint","urlTemplate":"https:\/\/www.henkvlot.nl\/?s={search_term_string}"},"query-input":{"@type":"PropertyValueSpecification","valueRequired":true,"valueName":"search_term_string"}}],"inLanguage":"de"}]}},"_links":{"self":[{"href":"https:\/\/www.henkvlot.nl\/de\/wp-json\/wp\/v2\/pages\/1631","targetHints":{"allow":["GET"]}}],"collection":[{"href":"https:\/\/www.henkvlot.nl\/de\/wp-json\/wp\/v2\/pages"}],"about":[{"href":"https:\/\/www.henkvlot.nl\/de\/wp-json\/wp\/v2\/types\/page"}],"author":[{"embeddable":true,"href":"https:\/\/www.henkvlot.nl\/de\/wp-json\/wp\/v2\/users\/1"}],"replies":[{"embeddable":true,"href":"https:\/\/www.henkvlot.nl\/de\/wp-json\/wp\/v2\/comments?post=1631"}],"version-history":[{"count":3,"href":"https:\/\/www.henkvlot.nl\/de\/wp-json\/wp\/v2\/pages\/1631\/revisions"}],"predecessor-version":[{"id":1705,"href":"https:\/\/www.henkvlot.nl\/de\/wp-json\/wp\/v2\/pages\/1631\/revisions\/1705"}],"wp:attachment":[{"href":"https:\/\/www.henkvlot.nl\/de\/wp-json\/wp\/v2\/media?parent=1631"}],"curies":[{"name":"wp","href":"https:\/\/api.w.org\/{rel}","templated":true}]}}